{"id":34011,"date":"2024-03-18T14:12:03","date_gmt":"2024-03-18T13:12:03","guid":{"rendered":"https:\/\/www.promotio.sk\/shop\/nezaraden\u00e9\/arsuk\/"},"modified":"2024-03-18T14:12:47","modified_gmt":"2024-03-18T13:12:47","slug":"arsuk","status":"publish","type":"product","link":"https:\/\/www.promotio.sk\/sk\/shop\/promo-items\/christmas\/decorations\/arsuk\/","title":{"rendered":"ARSUK"},"content":{"rendered":"<p>Bavlnen\u00e1 dar\u010dekov\u00e1 ta\u0161ka 100% s dizajnom viano\u010dn\u00e9ho strom\u010deka. Je to skvel\u00e1 mo\u017enos\u0165, ako zabali\u0165 dar\u010deky po\u010das viano\u010dn\u00e9ho obdobia.<br \/>\nTieto ta\u0161ky s\u00fa zvy\u010dajne zdoben\u00e9 obr\u00e1zkom \u0161tylizovan\u00e9ho viano\u010dn\u00e9ho strom\u010deka s jeho vetvami a sl\u00e1vnostnou v\u00fdzdobou. Ak sa rozhodnete pre ta\u0161ku s dizajnom viano\u010dn\u00e9ho strom\u010deka, m\u00f4\u017eete svojim dar\u010dekom doda\u0165 n\u00e1dych \u0161armu a sl\u00e1vnosti a navy\u0161e s\u00fa tieto ta\u0161ky opakovane pou\u017eite\u013en\u00e9, \u010do z nich rob\u00ed udr\u017eate\u013enej\u0161iu mo\u017enos\u0165.<br \/>\nS dar\u010dekovou ta\u0161kou v dizajne viano\u010dn\u00e9ho strom\u010deka va\u0161e dar\u010deky pod strom\u010dekom vynikn\u00fa a dodaj\u00fa sviato\u010dn\u00e9mu obdobiu e\u0161te v\u00e4\u010d\u0161iu rados\u0165!<br \/>Zlo\u017eenie: Algod\u00f3n.<br \/>Pozn\u00e1mky: Cara lisa especial para impresi\u00f3n.<\/p>","protected":false},"excerpt":{"rendered":"<p>100% cotton gift bag with a Christmas tree design. It is a lovely option to wrap your gifts during the<\/p>","protected":false},"featured_media":34012,"comment_status":"open","ping_status":"closed","template":"","meta":[],"product_cat":[611,612],"product_tag":[],"class_list":{"0":"post-34011","1":"product","2":"type-product","3":"status-publish","4":"has-post-thumbnail","6":"product_cat-christmas","7":"product_cat-decorations","9":"first","10":"instock","11":"shipping-taxable","12":"purchasable","13":"product-type-variable"},"_links":{"self":[{"href":"https:\/\/www.promotio.sk\/sk\/wp-json\/wp\/v2\/product\/34011","targetHints":{"allow":["GET"]}}],"collection":[{"href":"https:\/\/www.promotio.sk\/sk\/wp-json\/wp\/v2\/product"}],"about":[{"href":"https:\/\/www.promotio.sk\/sk\/wp-json\/wp\/v2\/types\/product"}],"replies":[{"embeddable":true,"href":"https:\/\/www.promotio.sk\/sk\/wp-json\/wp\/v2\/comments?post=34011"}],"wp:featuredmedia":[{"embeddable":true,"href":"https:\/\/www.promotio.sk\/sk\/wp-json\/wp\/v2\/media\/34012"}],"wp:attachment":[{"href":"https:\/\/www.promotio.sk\/sk\/wp-json\/wp\/v2\/media?parent=34011"}],"wp:term":[{"taxonomy":"product_cat","embeddable":true,"href":"https:\/\/www.promotio.sk\/sk\/wp-json\/wp\/v2\/product_cat?post=34011"},{"taxonomy":"product_tag","embeddable":true,"href":"https:\/\/www.promotio.sk\/sk\/wp-json\/wp\/v2\/product_tag?post=34011"}],"curies":[{"name":"wp","href":"https:\/\/api.w.org\/{rel}","templated":true}]}}