{"id":34004,"date":"2024-03-18T14:11:21","date_gmt":"2024-03-18T13:11:21","guid":{"rendered":"https:\/\/www.promotio.sk\/shop\/nezaraden\u00e9\/simut\/"},"modified":"2024-03-18T14:11:58","modified_gmt":"2024-03-18T13:11:58","slug":"simut","status":"publish","type":"product","link":"https:\/\/www.promotio.sk\/sk\/shop\/promo-items\/christmas\/decorations\/simut\/","title":{"rendered":"SIMUT"},"content":{"rendered":"<p>Viano\u010dn\u00e1 dar\u010dekov\u00e1 ta\u0161ka s potla\u010dou charakteristick\u00fdch mot\u00edvov ro\u010dn\u00e9ho obdobia je v\u00fdbornou mo\u017enos\u0165ou, ako zabali\u0165 dar\u010deky sl\u00e1vnostne a veselo.<br \/>\nDar\u010dekov\u00fa ta\u0161ku zdobia obr\u00e1zky s\u00favisiace s Vianocami, ako s\u00fa viano\u010dn\u00e9 strom\u010deky, soby a snehov\u00e9 vlo\u010dky.<br \/>\nOkrem toho s\u00fa tieto ta\u0161ky udr\u017eate\u013enou alternat\u00edvou k jednorazov\u00fdm papierov\u00fdm obalom, preto\u017ee sa daj\u00fa znova pou\u017ei\u0165 v bud\u00facich viano\u010dn\u00fdch obdobiach. S dar\u010dekovou ta\u0161kou s potla\u010dou bud\u00fa va\u0161e dar\u010deky pod viano\u010dn\u00fdm strom\u010dekom vyzera\u0165 e\u0161te v\u00fdnimo\u010dnej\u0161ie!<br \/>Zlo\u017eenie: Algod\u00f3n.<br \/>Pozn\u00e1mky: Cara lisa especial para impresi\u00f3n. <\/p>","protected":false},"excerpt":{"rendered":"<p>A Christmas gift bag printed with characteristic motifs of the season, is an excellent option to wrap your gifts in<\/p>","protected":false},"featured_media":34005,"comment_status":"open","ping_status":"closed","template":"","meta":[],"product_cat":[611,612],"product_tag":[],"class_list":{"0":"post-34004","1":"product","2":"type-product","3":"status-publish","4":"has-post-thumbnail","6":"product_cat-christmas","7":"product_cat-decorations","9":"first","10":"instock","11":"shipping-taxable","12":"purchasable","13":"product-type-variable"},"_links":{"self":[{"href":"https:\/\/www.promotio.sk\/sk\/wp-json\/wp\/v2\/product\/34004","targetHints":{"allow":["GET"]}}],"collection":[{"href":"https:\/\/www.promotio.sk\/sk\/wp-json\/wp\/v2\/product"}],"about":[{"href":"https:\/\/www.promotio.sk\/sk\/wp-json\/wp\/v2\/types\/product"}],"replies":[{"embeddable":true,"href":"https:\/\/www.promotio.sk\/sk\/wp-json\/wp\/v2\/comments?post=34004"}],"wp:featuredmedia":[{"embeddable":true,"href":"https:\/\/www.promotio.sk\/sk\/wp-json\/wp\/v2\/media\/34005"}],"wp:attachment":[{"href":"https:\/\/www.promotio.sk\/sk\/wp-json\/wp\/v2\/media?parent=34004"}],"wp:term":[{"taxonomy":"product_cat","embeddable":true,"href":"https:\/\/www.promotio.sk\/sk\/wp-json\/wp\/v2\/product_cat?post=34004"},{"taxonomy":"product_tag","embeddable":true,"href":"https:\/\/www.promotio.sk\/sk\/wp-json\/wp\/v2\/product_tag?post=34004"}],"curies":[{"name":"wp","href":"https:\/\/api.w.org\/{rel}","templated":true}]}}