{"id":33996,"date":"2024-03-18T14:10:28","date_gmt":"2024-03-18T13:10:28","guid":{"rendered":"https:\/\/www.promotio.sk\/shop\/nezaraden\u00e9\/savik\/"},"modified":"2024-03-18T14:11:14","modified_gmt":"2024-03-18T13:11:14","slug":"savik","status":"publish","type":"product","link":"https:\/\/www.promotio.sk\/sk\/shop\/promo-items\/christmas\/decorations\/savik\/","title":{"rendered":"SAVIK"},"content":{"rendered":"<p>Viano\u010dn\u00e9 ozdoby z recyklovan\u00e9ho a rozlo\u017eite\u013en\u00e9ho papiera so semienkami s\u00fa ekologickou a o\u010daruj\u00facou mo\u017enos\u0165ou ako ozdobi\u0165 viano\u010dn\u00fd strom\u010dek.<br \/>\nTieto ozdoby s\u00fa vyroben\u00e9 z recyklovan\u00e9ho papiera, \u010do pom\u00e1ha zni\u017eova\u0165 ich dopad na \u017eivotn\u00e9 prostredie. Okrem toho obsahuj\u00fa vo svojom zlo\u017een\u00ed semen\u00e1, \u010do im dod\u00e1va \u0161peci\u00e1lnu charakteristiku. Po ich pou\u017eit\u00ed sa daj\u00fa zasadi\u0165 do z\u00e1hrady alebo do \u010drepn\u00edka a semienka vykl\u00ed\u010dia a vyrast\u00fa.<br \/>\nKa\u017ed\u00e1 ozdoba je dod\u00e1van\u00e1 so stuhou, ktor\u00fa mo\u017eno \u013eahko zavesi\u0165 na strom\u010dek a doda\u0165 viano\u010dnej v\u00fdzdobe sl\u00e1vnostn\u00fd n\u00e1dych.<br \/>Zlo\u017eenie: Papel reciclado.<br \/>Pozn\u00e1mky: Medida dise\u00f1o \u00e1rbol: 8 x 10 cm<br \/>\nMedida Dise\u00f1o bola: 7<\/p>","protected":false},"excerpt":{"rendered":"<p>Christmas ornaments made from recycled and degradable paper with seeds are an ecological and charming option to decorate the Christmas<\/p>","protected":false},"featured_media":33997,"comment_status":"open","ping_status":"closed","template":"","meta":[],"product_cat":[611,612],"product_tag":[],"class_list":{"0":"post-33996","1":"product","2":"type-product","3":"status-publish","4":"has-post-thumbnail","6":"product_cat-christmas","7":"product_cat-decorations","9":"first","10":"instock","11":"shipping-taxable","12":"purchasable","13":"product-type-variable"},"_links":{"self":[{"href":"https:\/\/www.promotio.sk\/sk\/wp-json\/wp\/v2\/product\/33996","targetHints":{"allow":["GET"]}}],"collection":[{"href":"https:\/\/www.promotio.sk\/sk\/wp-json\/wp\/v2\/product"}],"about":[{"href":"https:\/\/www.promotio.sk\/sk\/wp-json\/wp\/v2\/types\/product"}],"replies":[{"embeddable":true,"href":"https:\/\/www.promotio.sk\/sk\/wp-json\/wp\/v2\/comments?post=33996"}],"wp:featuredmedia":[{"embeddable":true,"href":"https:\/\/www.promotio.sk\/sk\/wp-json\/wp\/v2\/media\/33997"}],"wp:attachment":[{"href":"https:\/\/www.promotio.sk\/sk\/wp-json\/wp\/v2\/media?parent=33996"}],"wp:term":[{"taxonomy":"product_cat","embeddable":true,"href":"https:\/\/www.promotio.sk\/sk\/wp-json\/wp\/v2\/product_cat?post=33996"},{"taxonomy":"product_tag","embeddable":true,"href":"https:\/\/www.promotio.sk\/sk\/wp-json\/wp\/v2\/product_tag?post=33996"}],"curies":[{"name":"wp","href":"https:\/\/api.w.org\/{rel}","templated":true}]}}