{"id":33985,"date":"2024-03-18T13:40:22","date_gmt":"2024-03-18T12:40:22","guid":{"rendered":"https:\/\/www.promotio.sk\/shop\/nezaraden\u00e9\/brosel-2\/"},"modified":"2024-03-18T13:40:47","modified_gmt":"2024-03-18T12:40:47","slug":"brosel-2","status":"publish","type":"product","link":"https:\/\/www.promotio.sk\/sk\/shop\/promo-items\/tools_car-pets-accessoriess\/tools\/brosel-2\/","title":{"rendered":"BROSEL"},"content":{"rendered":"<p>1,5 m kraj\u010d\u00edrsky meter s korkovou \u0161trukt\u00farou. Prezent\u00e1cia v ekologickom dizajnovom boxe.<br \/>Zlo\u017eenie: Corcho<br \/>Pozn\u00e1mky: Presentaci\u00f3n en caja dise\u00f1o eco.<\/p>","protected":false},"excerpt":{"rendered":"<p>1,5 m measuring tape with cork structure. Presentation in eco design box.Composition: CorchoRemarks: Presentaci\u00f3n en caja dise\u00f1o eco.<\/p>","protected":false},"featured_media":33987,"comment_status":"open","ping_status":"closed","template":"","meta":[],"product_cat":[609],"product_tag":[],"class_list":{"0":"post-33985","1":"product","2":"type-product","3":"status-publish","4":"has-post-thumbnail","6":"product_cat-tools","8":"first","9":"instock","10":"shipping-taxable","11":"product-type-variable"},"_links":{"self":[{"href":"https:\/\/www.promotio.sk\/sk\/wp-json\/wp\/v2\/product\/33985","targetHints":{"allow":["GET"]}}],"collection":[{"href":"https:\/\/www.promotio.sk\/sk\/wp-json\/wp\/v2\/product"}],"about":[{"href":"https:\/\/www.promotio.sk\/sk\/wp-json\/wp\/v2\/types\/product"}],"replies":[{"embeddable":true,"href":"https:\/\/www.promotio.sk\/sk\/wp-json\/wp\/v2\/comments?post=33985"}],"wp:featuredmedia":[{"embeddable":true,"href":"https:\/\/www.promotio.sk\/sk\/wp-json\/wp\/v2\/media\/33987"}],"wp:attachment":[{"href":"https:\/\/www.promotio.sk\/sk\/wp-json\/wp\/v2\/media?parent=33985"}],"wp:term":[{"taxonomy":"product_cat","embeddable":true,"href":"https:\/\/www.promotio.sk\/sk\/wp-json\/wp\/v2\/product_cat?post=33985"},{"taxonomy":"product_tag","embeddable":true,"href":"https:\/\/www.promotio.sk\/sk\/wp-json\/wp\/v2\/product_tag?post=33985"}],"curies":[{"name":"wp","href":"https:\/\/api.w.org\/{rel}","templated":true}]}}