{"id":33936,"date":"2024-03-18T13:37:32","date_gmt":"2024-03-18T12:37:32","guid":{"rendered":"https:\/\/www.promotio.sk\/shop\/nezaraden\u00e9\/demak\/"},"modified":"2024-03-18T13:38:31","modified_gmt":"2024-03-18T12:38:31","slug":"demak","status":"publish","type":"product","link":"https:\/\/www.promotio.sk\/sk\/shop\/promo-items\/tools_car-pets-accessoriess\/pets_accessories\/demak\/","title":{"rendered":"DEMAK"},"content":{"rendered":"<p>Frisbee pre dom\u00e1cich mil\u00e1\u010dikov s centr\u00e1lnou tkaninou z RPET a bavlnenou \u0161n\u00farou.<br \/>Zlo\u017eenie: RPET y algod\u00f3n<\/p>","protected":false},"excerpt":{"rendered":"<p>Frisbee for pets with central fabric in RPET and cotton cord.Composition: RPET y algod\u00f3n<\/p>","protected":false},"featured_media":33937,"comment_status":"open","ping_status":"closed","template":"","meta":[],"product_cat":[610],"product_tag":[],"class_list":{"0":"post-33936","1":"product","2":"type-product","3":"status-publish","4":"has-post-thumbnail","6":"product_cat-pets_accessories","8":"first","9":"instock","10":"shipping-taxable","11":"purchasable","12":"product-type-variable"},"_links":{"self":[{"href":"https:\/\/www.promotio.sk\/sk\/wp-json\/wp\/v2\/product\/33936","targetHints":{"allow":["GET"]}}],"collection":[{"href":"https:\/\/www.promotio.sk\/sk\/wp-json\/wp\/v2\/product"}],"about":[{"href":"https:\/\/www.promotio.sk\/sk\/wp-json\/wp\/v2\/types\/product"}],"replies":[{"embeddable":true,"href":"https:\/\/www.promotio.sk\/sk\/wp-json\/wp\/v2\/comments?post=33936"}],"wp:featuredmedia":[{"embeddable":true,"href":"https:\/\/www.promotio.sk\/sk\/wp-json\/wp\/v2\/media\/33937"}],"wp:attachment":[{"href":"https:\/\/www.promotio.sk\/sk\/wp-json\/wp\/v2\/media?parent=33936"}],"wp:term":[{"taxonomy":"product_cat","embeddable":true,"href":"https:\/\/www.promotio.sk\/sk\/wp-json\/wp\/v2\/product_cat?post=33936"},{"taxonomy":"product_tag","embeddable":true,"href":"https:\/\/www.promotio.sk\/sk\/wp-json\/wp\/v2\/product_tag?post=33936"}],"curies":[{"name":"wp","href":"https:\/\/api.w.org\/{rel}","templated":true}]}}