{"id":33934,"date":"2024-03-18T13:37:31","date_gmt":"2024-03-18T12:37:31","guid":{"rendered":"https:\/\/www.promotio.sk\/shop\/nezaraden\u00e9\/muntok\/"},"modified":"2024-03-18T13:38:13","modified_gmt":"2024-03-18T12:38:13","slug":"muntok","status":"publish","type":"product","link":"https:\/\/www.promotio.sk\/sk\/shop\/promo-items\/tools_car-pets-accessoriess\/pets_accessories\/muntok\/","title":{"rendered":"MUNTOK"},"content":{"rendered":"<p>Skladacia miska pre dom\u00e1ce zvierat\u00e1 z RPET a recyklovan\u00e9ho papiera. Vhodn\u00e9 pre pevn\u00e9 l\u00e1tky. Kapacita 1,3 litra.<br \/>Zlo\u017eenie: RPET a recyklovan\u00fd papier.<\/p>","protected":false},"excerpt":{"rendered":"<p>Foldable bowl for pets in RPET and recycled paper. Suitable for solids. 1,3 litres capacity.Composition: RPET and recycled paper.<\/p>","protected":false},"featured_media":33935,"comment_status":"open","ping_status":"closed","template":"","meta":[],"product_cat":[610],"product_tag":[],"class_list":{"0":"post-33934","1":"product","2":"type-product","3":"status-publish","4":"has-post-thumbnail","6":"product_cat-pets_accessories","8":"first","9":"instock","10":"shipping-taxable","11":"purchasable","12":"product-type-variable"},"_links":{"self":[{"href":"https:\/\/www.promotio.sk\/sk\/wp-json\/wp\/v2\/product\/33934","targetHints":{"allow":["GET"]}}],"collection":[{"href":"https:\/\/www.promotio.sk\/sk\/wp-json\/wp\/v2\/product"}],"about":[{"href":"https:\/\/www.promotio.sk\/sk\/wp-json\/wp\/v2\/types\/product"}],"replies":[{"embeddable":true,"href":"https:\/\/www.promotio.sk\/sk\/wp-json\/wp\/v2\/comments?post=33934"}],"wp:featuredmedia":[{"embeddable":true,"href":"https:\/\/www.promotio.sk\/sk\/wp-json\/wp\/v2\/media\/33935"}],"wp:attachment":[{"href":"https:\/\/www.promotio.sk\/sk\/wp-json\/wp\/v2\/media?parent=33934"}],"wp:term":[{"taxonomy":"product_cat","embeddable":true,"href":"https:\/\/www.promotio.sk\/sk\/wp-json\/wp\/v2\/product_cat?post=33934"},{"taxonomy":"product_tag","embeddable":true,"href":"https:\/\/www.promotio.sk\/sk\/wp-json\/wp\/v2\/product_tag?post=33934"}],"curies":[{"name":"wp","href":"https:\/\/api.w.org\/{rel}","templated":true}]}}