{"id":33914,"date":"2024-03-18T13:36:15","date_gmt":"2024-03-18T12:36:15","guid":{"rendered":"https:\/\/www.promotio.sk\/shop\/nezaraden\u00e9\/korat\/"},"modified":"2024-03-18T13:37:04","modified_gmt":"2024-03-18T12:37:04","slug":"korat","status":"publish","type":"product","link":"https:\/\/www.promotio.sk\/sk\/shop\/promo-items\/tools_car-pets-accessoriess\/pets_accessories\/korat\/","title":{"rendered":"KORAT"},"content":{"rendered":"<p>Nastavite\u013en\u00fd obojok pre dom\u00e1ce zvierat\u00e1 z odoln\u00e9ho a m\u00e4kk\u00e9ho polyesteru. Spona so zap\u00ednan\u00edm na cvak. Vr\u00e1tane kovov\u00e9ho kr\u00fa\u017eku na vych\u00e1dzkov\u00e9 vod\u00edtko.<br \/>\n<br \/>Zlo\u017eenie: Polyester<\/p>","protected":false},"excerpt":{"rendered":"<p>Adjustable collar for pets in resistant and soft polyester. Buckle with click fastening. Metal ring for walking leash included. Composition:<\/p>","protected":false},"featured_media":33915,"comment_status":"open","ping_status":"closed","template":"","meta":[],"product_cat":[610],"product_tag":[],"class_list":{"0":"post-33914","1":"product","2":"type-product","3":"status-publish","4":"has-post-thumbnail","6":"product_cat-pets_accessories","8":"first","9":"instock","10":"shipping-taxable","11":"purchasable","12":"product-type-variable"},"_links":{"self":[{"href":"https:\/\/www.promotio.sk\/sk\/wp-json\/wp\/v2\/product\/33914","targetHints":{"allow":["GET"]}}],"collection":[{"href":"https:\/\/www.promotio.sk\/sk\/wp-json\/wp\/v2\/product"}],"about":[{"href":"https:\/\/www.promotio.sk\/sk\/wp-json\/wp\/v2\/types\/product"}],"replies":[{"embeddable":true,"href":"https:\/\/www.promotio.sk\/sk\/wp-json\/wp\/v2\/comments?post=33914"}],"wp:featuredmedia":[{"embeddable":true,"href":"https:\/\/www.promotio.sk\/sk\/wp-json\/wp\/v2\/media\/33915"}],"wp:attachment":[{"href":"https:\/\/www.promotio.sk\/sk\/wp-json\/wp\/v2\/media?parent=33914"}],"wp:term":[{"taxonomy":"product_cat","embeddable":true,"href":"https:\/\/www.promotio.sk\/sk\/wp-json\/wp\/v2\/product_cat?post=33914"},{"taxonomy":"product_tag","embeddable":true,"href":"https:\/\/www.promotio.sk\/sk\/wp-json\/wp\/v2\/product_tag?post=33914"}],"curies":[{"name":"wp","href":"https:\/\/api.w.org\/{rel}","templated":true}]}}