{"id":33883,"date":"2024-03-18T13:34:08","date_gmt":"2024-03-18T12:34:08","guid":{"rendered":"https:\/\/www.promotio.sk\/shop\/nezaraden\u00e9\/shira\/"},"modified":"2024-03-18T13:35:20","modified_gmt":"2024-03-18T12:35:20","slug":"shira","status":"publish","type":"product","link":"https:\/\/www.promotio.sk\/sk\/shop\/promo-items\/tools_car-pets-accessoriess\/pets_accessories\/shira\/","title":{"rendered":"SHIRA"},"content":{"rendered":"<p>Praktick\u00e1 a odoln\u00e1 skladacia miska pre dom\u00e1cich mil\u00e1\u010dikov. Vhodn\u00e9 pre kvapaliny a pevn\u00e9 l\u00e1tky. Jednoduch\u00e9 skladovanie. Dostupn\u00e9 v r\u00f4znych farb\u00e1ch. Kapacita 450 ml. Vr\u00e1tane zodpovedaj\u00facej kovovej karab\u00edny.<br \/>\n<br \/>Zlo\u017eenie: TPR<\/p>","protected":false},"excerpt":{"rendered":"<p>Practical and resistant foldable bowl for pets. Suitable for liquids and solids. Easy storage. Available in different colours. 450 ml<\/p>","protected":false},"featured_media":33884,"comment_status":"open","ping_status":"closed","template":"","meta":[],"product_cat":[610],"product_tag":[],"class_list":{"0":"post-33883","1":"product","2":"type-product","3":"status-publish","4":"has-post-thumbnail","6":"product_cat-pets_accessories","8":"first","9":"instock","10":"shipping-taxable","11":"purchasable","12":"product-type-variable"},"_links":{"self":[{"href":"https:\/\/www.promotio.sk\/sk\/wp-json\/wp\/v2\/product\/33883","targetHints":{"allow":["GET"]}}],"collection":[{"href":"https:\/\/www.promotio.sk\/sk\/wp-json\/wp\/v2\/product"}],"about":[{"href":"https:\/\/www.promotio.sk\/sk\/wp-json\/wp\/v2\/types\/product"}],"replies":[{"embeddable":true,"href":"https:\/\/www.promotio.sk\/sk\/wp-json\/wp\/v2\/comments?post=33883"}],"wp:featuredmedia":[{"embeddable":true,"href":"https:\/\/www.promotio.sk\/sk\/wp-json\/wp\/v2\/media\/33884"}],"wp:attachment":[{"href":"https:\/\/www.promotio.sk\/sk\/wp-json\/wp\/v2\/media?parent=33883"}],"wp:term":[{"taxonomy":"product_cat","embeddable":true,"href":"https:\/\/www.promotio.sk\/sk\/wp-json\/wp\/v2\/product_cat?post=33883"},{"taxonomy":"product_tag","embeddable":true,"href":"https:\/\/www.promotio.sk\/sk\/wp-json\/wp\/v2\/product_tag?post=33883"}],"curies":[{"name":"wp","href":"https:\/\/api.w.org\/{rel}","templated":true}]}}