{"id":33851,"date":"2024-03-18T13:26:43","date_gmt":"2024-03-18T12:26:43","guid":{"rendered":"https:\/\/www.promotio.sk\/shop\/nezaraden\u00e9\/batur\/"},"modified":"2024-03-19T09:27:33","modified_gmt":"2024-03-19T08:27:33","slug":"batur","status":"publish","type":"product","link":"https:\/\/www.promotio.sk\/sk\/shop\/promo-items\/tools_car-pets-accessoriess\/car_accessories\/batur\/","title":{"rendered":"BATUR"},"content":{"rendered":"<p>Slne\u010dn\u00e1 clona do auta s obojstrann\u00fdmi krytmi z bublinkov\u00e9ho hlin\u00edka a lemovan\u00edm. S\u00fa\u010das\u0165ou s\u00fa pr\u00edsavky a \u010dierne elastick\u00e9 popruhy na skladanie. <\/p>\n<p>Zlo\u017eenie: Slne\u010dn\u00e1 clona: hlin\u00edk a 250 gsm pena.<br \/>\nLemovanie: Netkan\u00e9.<br \/>\nO\u010dk\u00e1: nehrdzavej\u00faca oce\u013e.<br \/>Pozn\u00e1mky: Hr\u00fabka: 2,5 mm.<br \/>\nMinim\u00e1lny predaj: pln\u00e1 krabica.<br \/>\nRozmery: 130 x 80 cm.<br \/>\nPrezent\u00e1cia v plochom form\u00e1te. <\/p>","protected":false},"excerpt":{"rendered":"<p>Slne\u010dn\u00e1 clona do auta s obojstrann\u00fdmi krytmi z bublinkov\u00e9ho hlin\u00edka a lemovan\u00edm. S\u00fa\u010das\u0165ou s\u00fa pr\u00edsavky a \u010dierne elastick\u00e9 popruhy na skladanie.<\/p>","protected":false},"featured_media":33852,"comment_status":"open","ping_status":"closed","template":"","meta":[],"product_cat":[606,605],"product_tag":[],"class_list":{"0":"post-33851","1":"product","2":"type-product","3":"status-publish","4":"has-post-thumbnail","6":"product_cat-car_accessories","7":"product_cat-tools_car-pets-accessoriess","9":"first","10":"instock","11":"shipping-taxable","12":"purchasable","13":"product-type-variable"},"_links":{"self":[{"href":"https:\/\/www.promotio.sk\/sk\/wp-json\/wp\/v2\/product\/33851","targetHints":{"allow":["GET"]}}],"collection":[{"href":"https:\/\/www.promotio.sk\/sk\/wp-json\/wp\/v2\/product"}],"about":[{"href":"https:\/\/www.promotio.sk\/sk\/wp-json\/wp\/v2\/types\/product"}],"replies":[{"embeddable":true,"href":"https:\/\/www.promotio.sk\/sk\/wp-json\/wp\/v2\/comments?post=33851"}],"wp:featuredmedia":[{"embeddable":true,"href":"https:\/\/www.promotio.sk\/sk\/wp-json\/wp\/v2\/media\/33852"}],"wp:attachment":[{"href":"https:\/\/www.promotio.sk\/sk\/wp-json\/wp\/v2\/media?parent=33851"}],"wp:term":[{"taxonomy":"product_cat","embeddable":true,"href":"https:\/\/www.promotio.sk\/sk\/wp-json\/wp\/v2\/product_cat?post=33851"},{"taxonomy":"product_tag","embeddable":true,"href":"https:\/\/www.promotio.sk\/sk\/wp-json\/wp\/v2\/product_tag?post=33851"}],"curies":[{"name":"wp","href":"https:\/\/api.w.org\/{rel}","templated":true}]}}