{"id":33806,"date":"2024-03-18T13:22:09","date_gmt":"2024-03-18T12:22:09","guid":{"rendered":"https:\/\/www.promotio.sk\/shop\/nezaraden\u00e9\/columbia\/"},"modified":"2024-03-19T09:29:21","modified_gmt":"2024-03-19T08:29:21","slug":"columbia","status":"publish","type":"product","link":"https:\/\/www.promotio.sk\/sk\/shop\/promo-items\/tools_car-pets-accessoriess\/car_accessories\/columbia\/","title":{"rendered":"KOLUMBIA"},"content":{"rendered":"<p>Ide\u00e1lna ve\u013ek\u00e1 slne\u010dn\u00e1 clona pre n\u00e1kladn\u00e9 aut\u00e1 a dod\u00e1vky. Obe strany v bublinkovom hlin\u00edku a \u010diernom lemovan\u00ed. Vr\u00e1tane kovov\u00fdch o\u010diek s pr\u00edsavkami a elastick\u00fdch popruhov na skladanie.<br \/>\n<br \/>Zlo\u017eenie: Hlin\u00edkov\u00e1 kovov\u00e1 povrchov\u00e1 \u00faprava.<br \/>Pozn\u00e1mky: Prezent\u00e1cia v plo\u0161nom form\u00e1te.<br \/>\nRozmery: 180 x 90 cm.<\/p>","protected":false},"excerpt":{"rendered":"<p>Ideal large sun shield for trucks and vans. Both sides in bubble aluminium and black edging. Metal eyelets with suction<\/p>","protected":false},"featured_media":33807,"comment_status":"open","ping_status":"closed","template":"","meta":[],"product_cat":[606,605],"product_tag":[],"class_list":{"0":"post-33806","1":"product","2":"type-product","3":"status-publish","4":"has-post-thumbnail","6":"product_cat-car_accessories","7":"product_cat-tools_car-pets-accessoriess","9":"first","10":"instock","11":"shipping-taxable","12":"purchasable","13":"product-type-variable"},"_links":{"self":[{"href":"https:\/\/www.promotio.sk\/sk\/wp-json\/wp\/v2\/product\/33806","targetHints":{"allow":["GET"]}}],"collection":[{"href":"https:\/\/www.promotio.sk\/sk\/wp-json\/wp\/v2\/product"}],"about":[{"href":"https:\/\/www.promotio.sk\/sk\/wp-json\/wp\/v2\/types\/product"}],"replies":[{"embeddable":true,"href":"https:\/\/www.promotio.sk\/sk\/wp-json\/wp\/v2\/comments?post=33806"}],"wp:featuredmedia":[{"embeddable":true,"href":"https:\/\/www.promotio.sk\/sk\/wp-json\/wp\/v2\/media\/33807"}],"wp:attachment":[{"href":"https:\/\/www.promotio.sk\/sk\/wp-json\/wp\/v2\/media?parent=33806"}],"wp:term":[{"taxonomy":"product_cat","embeddable":true,"href":"https:\/\/www.promotio.sk\/sk\/wp-json\/wp\/v2\/product_cat?post=33806"},{"taxonomy":"product_tag","embeddable":true,"href":"https:\/\/www.promotio.sk\/sk\/wp-json\/wp\/v2\/product_tag?post=33806"}],"curies":[{"name":"wp","href":"https:\/\/api.w.org\/{rel}","templated":true}]}}