{"id":33793,"date":"2024-03-18T13:20:49","date_gmt":"2024-03-18T12:20:49","guid":{"rendered":"https:\/\/www.promotio.sk\/shop\/nezaraden\u00e9\/mack\/"},"modified":"2024-03-19T09:29:56","modified_gmt":"2024-03-19T08:29:56","slug":"mack","status":"publish","type":"product","link":"https:\/\/www.promotio.sk\/sk\/shop\/promo-items\/tools_car-pets-accessoriess\/car_accessories\/mack\/","title":{"rendered":"MACK"},"content":{"rendered":"<p>Sada 2 skladac\u00edch slne\u010dn\u00fdch clon na skl\u00e1 auta, ktor\u00e9 v\u00e1s ochr\u00e1nia pred slnkom. Vr\u00e1tane pr\u00edsavn\u00fdch podlo\u017eiek.<br \/>\n<br \/>Zlo\u017eenie: Polyester<br \/>Pozn\u00e1mky: Prezent\u00e1cia v PVC kufr\u00edku.  <\/p>","protected":false},"excerpt":{"rendered":"<p>Set of 2 foldable sun shields for car windows to protect you from the sun. Suction pads included. Composition: PolyesterRemarks:<\/p>","protected":false},"featured_media":33794,"comment_status":"open","ping_status":"closed","template":"","meta":[],"product_cat":[606,605],"product_tag":[],"class_list":{"0":"post-33793","1":"product","2":"type-product","3":"status-publish","4":"has-post-thumbnail","6":"product_cat-car_accessories","7":"product_cat-tools_car-pets-accessoriess","9":"first","10":"instock","11":"shipping-taxable","12":"purchasable","13":"product-type-variable"},"_links":{"self":[{"href":"https:\/\/www.promotio.sk\/sk\/wp-json\/wp\/v2\/product\/33793","targetHints":{"allow":["GET"]}}],"collection":[{"href":"https:\/\/www.promotio.sk\/sk\/wp-json\/wp\/v2\/product"}],"about":[{"href":"https:\/\/www.promotio.sk\/sk\/wp-json\/wp\/v2\/types\/product"}],"replies":[{"embeddable":true,"href":"https:\/\/www.promotio.sk\/sk\/wp-json\/wp\/v2\/comments?post=33793"}],"wp:featuredmedia":[{"embeddable":true,"href":"https:\/\/www.promotio.sk\/sk\/wp-json\/wp\/v2\/media\/33794"}],"wp:attachment":[{"href":"https:\/\/www.promotio.sk\/sk\/wp-json\/wp\/v2\/media?parent=33793"}],"wp:term":[{"taxonomy":"product_cat","embeddable":true,"href":"https:\/\/www.promotio.sk\/sk\/wp-json\/wp\/v2\/product_cat?post=33793"},{"taxonomy":"product_tag","embeddable":true,"href":"https:\/\/www.promotio.sk\/sk\/wp-json\/wp\/v2\/product_tag?post=33793"}],"curies":[{"name":"wp","href":"https:\/\/api.w.org\/{rel}","templated":true}]}}