{"id":33705,"date":"2024-03-12T23:03:25","date_gmt":"2024-03-12T22:03:25","guid":{"rendered":"https:\/\/www.promotio.sk\/shop\/nezaraden\u00e9\/vademecum\/"},"modified":"2024-03-12T23:10:33","modified_gmt":"2024-03-12T22:10:33","slug":"vademecum","status":"publish","type":"product","link":"https:\/\/www.promotio.sk\/sk\/shop\/promo-clothing\/workwear\/san_est\/vademecum\/","title":{"rendered":"VADEMECUM"},"content":{"rendered":"<p>Unisex servisn\u00e9 nohavice.<br \/>\n\u00b7 Rovn\u00fd strih.<br \/>\n\u00b7 Elastick\u00fd p\u00e1s.<br \/>\n\u00b7 Zap\u00ednanie na zips a gomb\u00edk.<br \/>\n\u00b7 Zadn\u00e9 vrecko.<br \/>Zlo\u017eenie: 65% polyester \/ 35% bavlnen\u00fd keper, 160 gsm.<br \/>Pozn\u00e1mky: Zodpovedaj\u00faci odev: top PANACEA.<br \/>\n* Odn\u00edmate\u013en\u00fd \u0161t\u00edtok.<br \/>\n*Unisex model.<br \/>\n*Laborat\u00f3rium.<br \/>\n*Zdravie.<br \/>\n* Estetick\u00e9.<br \/>\n*Potravin\u00e1rsky priemysel.<br \/>\n* Upratovanie.<br \/><img decoding=\"async\" src=\"https:\/\/static.gorfactory.es\/pics\/measures\/PA_HO.jpg\"><\/p>","protected":false},"excerpt":{"rendered":"<p>Unisex service trousers. \u00b7 Straight-cut. \u00b7 Elastic waistband. \u00b7 Zip and button fastening. \u00b7 Back pocket.Composition: 65% polyester \/ 35%<\/p>","protected":false},"featured_media":33706,"comment_status":"open","ping_status":"closed","template":"","meta":[],"product_cat":[568,563],"product_tag":[],"class_list":{"0":"post-33705","1":"product","2":"type-product","3":"status-publish","4":"has-post-thumbnail","6":"product_cat-san_est","7":"product_cat-workwear","9":"first","10":"instock","11":"shipping-taxable","12":"purchasable","13":"product-type-variable"},"_links":{"self":[{"href":"https:\/\/www.promotio.sk\/sk\/wp-json\/wp\/v2\/product\/33705","targetHints":{"allow":["GET"]}}],"collection":[{"href":"https:\/\/www.promotio.sk\/sk\/wp-json\/wp\/v2\/product"}],"about":[{"href":"https:\/\/www.promotio.sk\/sk\/wp-json\/wp\/v2\/types\/product"}],"replies":[{"embeddable":true,"href":"https:\/\/www.promotio.sk\/sk\/wp-json\/wp\/v2\/comments?post=33705"}],"wp:featuredmedia":[{"embeddable":true,"href":"https:\/\/www.promotio.sk\/sk\/wp-json\/wp\/v2\/media\/33706"}],"wp:attachment":[{"href":"https:\/\/www.promotio.sk\/sk\/wp-json\/wp\/v2\/media?parent=33705"}],"wp:term":[{"taxonomy":"product_cat","embeddable":true,"href":"https:\/\/www.promotio.sk\/sk\/wp-json\/wp\/v2\/product_cat?post=33705"},{"taxonomy":"product_tag","embeddable":true,"href":"https:\/\/www.promotio.sk\/sk\/wp-json\/wp\/v2\/product_tag?post=33705"}],"curies":[{"name":"wp","href":"https:\/\/api.w.org\/{rel}","templated":true}]}}