{"id":33546,"date":"2024-03-12T22:54:43","date_gmt":"2024-03-12T21:54:43","guid":{"rendered":"https:\/\/www.promotio.sk\/shop\/nezaraden\u00e9\/fiber\/"},"modified":"2024-03-12T23:10:59","modified_gmt":"2024-03-12T22:10:59","slug":"fiber","status":"publish","type":"product","link":"https:\/\/www.promotio.sk\/sk\/shop\/promo-clothing\/workwear\/san_est\/fiber\/","title":{"rendered":"FIBER"},"content":{"rendered":"<p>Unisex rovn\u00e9 dlh\u00e9 nohavice.<br \/>\n\u00b7 Elastick\u00fd p\u00e1s a nastavite\u013en\u00e1 \u0161n\u00farka.<br \/>\n\u00b7 Franc\u00fazske vreck\u00e1.<br \/>\n\u00b7 Man\u017eety na noh\u00e1ch.<br \/>Zlo\u017eenie: 94% polyester \/ 6% elastan, 170 gsm mikrovl\u00e1kno.<br \/>Pozn\u00e1mky: Zodpovedaj\u00faci odev: top FEROX.<br \/>\n* Odn\u00edmate\u013en\u00fd \u0161t\u00edtok.<br \/>\n*Unisex model.<br \/>\n*Laborat\u00f3rium.<br \/>\n*Zdravie.<br \/>\n*Kozmetika.<br \/>\n*Jedlo.<br \/>\n* Upratovanie.<br \/><img decoding=\"async\" src=\"https:\/\/static.gorfactory.es\/pics\/measures\/PA_HO.jpg\"><\/p>","protected":false},"excerpt":{"rendered":"<p>Unisex straight long trousers. \u00b7 Elastic waistband and adjustable drawcord. \u00b7 French pockets. \u00b7 Cuffs on legs.Composition: 94% polyester \/<\/p>","protected":false},"featured_media":33547,"comment_status":"open","ping_status":"closed","template":"","meta":[],"product_cat":[568,563],"product_tag":[],"class_list":{"0":"post-33546","1":"product","2":"type-product","3":"status-publish","4":"has-post-thumbnail","6":"product_cat-san_est","7":"product_cat-workwear","9":"first","10":"instock","11":"shipping-taxable","12":"purchasable","13":"product-type-variable"},"_links":{"self":[{"href":"https:\/\/www.promotio.sk\/sk\/wp-json\/wp\/v2\/product\/33546","targetHints":{"allow":["GET"]}}],"collection":[{"href":"https:\/\/www.promotio.sk\/sk\/wp-json\/wp\/v2\/product"}],"about":[{"href":"https:\/\/www.promotio.sk\/sk\/wp-json\/wp\/v2\/types\/product"}],"replies":[{"embeddable":true,"href":"https:\/\/www.promotio.sk\/sk\/wp-json\/wp\/v2\/comments?post=33546"}],"wp:featuredmedia":[{"embeddable":true,"href":"https:\/\/www.promotio.sk\/sk\/wp-json\/wp\/v2\/media\/33547"}],"wp:attachment":[{"href":"https:\/\/www.promotio.sk\/sk\/wp-json\/wp\/v2\/media?parent=33546"}],"wp:term":[{"taxonomy":"product_cat","embeddable":true,"href":"https:\/\/www.promotio.sk\/sk\/wp-json\/wp\/v2\/product_cat?post=33546"},{"taxonomy":"product_tag","embeddable":true,"href":"https:\/\/www.promotio.sk\/sk\/wp-json\/wp\/v2\/product_tag?post=33546"}],"curies":[{"name":"wp","href":"https:\/\/api.w.org\/{rel}","templated":true}]}}