{"id":33526,"date":"2024-03-12T22:41:45","date_gmt":"2024-03-12T21:41:45","guid":{"rendered":"https:\/\/www.promotio.sk\/shop\/nezaraden\u00e9\/waitress\/"},"modified":"2024-03-12T22:51:27","modified_gmt":"2024-03-12T21:51:27","slug":"waitress","status":"publish","type":"product","link":"https:\/\/www.promotio.sk\/sk\/shop\/promo-clothing\/workwear\/horeca\/waitress\/","title":{"rendered":"\u010cA\u0160N\u00cd\u010cKA"},"content":{"rendered":"<p>D\u00e1mske dlh\u00e9 nohavice, \u0161peci\u00e1lne pre \u010da\u0161n\u00ed\u010dky.<br \/>\n\u00b7 Dve predn\u00e9 z\u00e1hyby.<br \/>\n\u00b7 Prav\u00e9 predn\u00e9 vrecko na mince.<br \/>\n\u00b7 Bo\u010dn\u00e9 vreck\u00e1.<br \/>\n\u00b7 Prav\u00e9 zadn\u00e9 vrecko s gomb\u00edkom.<br \/>\n\u00b7 5 p\u00fatok na opasok.<br \/>Zlo\u017eenie: 100% polyester, 190 gsm.<br \/>Pozn\u00e1mky: *Koncept Duo.<br \/>\n*Potravin\u00e1rsky priemysel.<br \/><img decoding=\"async\" src=\"https:\/\/static.gorfactory.es\/pics\/measures\/PA_MU.jpg\"><\/p>","protected":false},"excerpt":{"rendered":"<p>Women&#8217;s long trousers, special for waitress. \u00b7 Two front pleats. \u00b7 Right front pocket for coins. \u00b7 Side pockets. \u00b7<\/p>","protected":false},"featured_media":33527,"comment_status":"open","ping_status":"closed","template":"","meta":[],"product_cat":[564,563],"product_tag":[],"class_list":{"0":"post-33526","1":"product","2":"type-product","3":"status-publish","4":"has-post-thumbnail","6":"product_cat-horeca","7":"product_cat-workwear","9":"first","10":"instock","11":"shipping-taxable","12":"purchasable","13":"product-type-variable"},"_links":{"self":[{"href":"https:\/\/www.promotio.sk\/sk\/wp-json\/wp\/v2\/product\/33526","targetHints":{"allow":["GET"]}}],"collection":[{"href":"https:\/\/www.promotio.sk\/sk\/wp-json\/wp\/v2\/product"}],"about":[{"href":"https:\/\/www.promotio.sk\/sk\/wp-json\/wp\/v2\/types\/product"}],"replies":[{"embeddable":true,"href":"https:\/\/www.promotio.sk\/sk\/wp-json\/wp\/v2\/comments?post=33526"}],"wp:featuredmedia":[{"embeddable":true,"href":"https:\/\/www.promotio.sk\/sk\/wp-json\/wp\/v2\/media\/33527"}],"wp:attachment":[{"href":"https:\/\/www.promotio.sk\/sk\/wp-json\/wp\/v2\/media?parent=33526"}],"wp:term":[{"taxonomy":"product_cat","embeddable":true,"href":"https:\/\/www.promotio.sk\/sk\/wp-json\/wp\/v2\/product_cat?post=33526"},{"taxonomy":"product_tag","embeddable":true,"href":"https:\/\/www.promotio.sk\/sk\/wp-json\/wp\/v2\/product_tag?post=33526"}],"curies":[{"name":"wp","href":"https:\/\/api.w.org\/{rel}","templated":true}]}}