{"id":33502,"date":"2024-03-12T22:40:07","date_gmt":"2024-03-12T21:40:07","guid":{"rendered":"https:\/\/www.promotio.sk\/shop\/nezaraden\u00e9\/waiter\/"},"modified":"2024-03-12T22:51:42","modified_gmt":"2024-03-12T21:51:42","slug":"waiter","status":"publish","type":"product","link":"https:\/\/www.promotio.sk\/sk\/shop\/promo-clothing\/workwear\/horeca\/waiter\/","title":{"rendered":"\u010cA\u0160N\u00cdK"},"content":{"rendered":"<p>P\u00e1nske nohavice, \u0161peci\u00e1lne pre \u010da\u0161n\u00edkov.<br \/>\n\u00b7 Dve predn\u00e9 z\u00e1hyby.<br \/>\n\u00b7 Prav\u00e9 predn\u00e9 vrecko na mince.<br \/>\n\u00b7 Bo\u010dn\u00e9 vreck\u00e1.<br \/>\n\u00b7 Prav\u00e9 zadn\u00e9 vrecko s gomb\u00edkom.<br \/>\n\u00b7 6 p\u00fatok na opasok.<br \/>Zlo\u017eenie: 100% polyester, 190 gsm.<br \/>Pozn\u00e1mky: *Koncept Duo.<br \/>\n*Potravin\u00e1rsky priemysel.<br \/><img decoding=\"async\" src=\"https:\/\/static.gorfactory.es\/pics\/measures\/PA_HO.jpg\"><\/p>","protected":false},"excerpt":{"rendered":"<p>Men&#8217;s trousers, special for waiters. \u00b7 Two front pleats. \u00b7 Right front pocket for coins. \u00b7 Side pockets. \u00b7 Right<\/p>","protected":false},"featured_media":33503,"comment_status":"open","ping_status":"closed","template":"","meta":[],"product_cat":[564,563],"product_tag":[],"class_list":{"0":"post-33502","1":"product","2":"type-product","3":"status-publish","4":"has-post-thumbnail","6":"product_cat-horeca","7":"product_cat-workwear","9":"first","10":"instock","11":"shipping-taxable","12":"purchasable","13":"product-type-variable"},"_links":{"self":[{"href":"https:\/\/www.promotio.sk\/sk\/wp-json\/wp\/v2\/product\/33502","targetHints":{"allow":["GET"]}}],"collection":[{"href":"https:\/\/www.promotio.sk\/sk\/wp-json\/wp\/v2\/product"}],"about":[{"href":"https:\/\/www.promotio.sk\/sk\/wp-json\/wp\/v2\/types\/product"}],"replies":[{"embeddable":true,"href":"https:\/\/www.promotio.sk\/sk\/wp-json\/wp\/v2\/comments?post=33502"}],"wp:featuredmedia":[{"embeddable":true,"href":"https:\/\/www.promotio.sk\/sk\/wp-json\/wp\/v2\/media\/33503"}],"wp:attachment":[{"href":"https:\/\/www.promotio.sk\/sk\/wp-json\/wp\/v2\/media?parent=33502"}],"wp:term":[{"taxonomy":"product_cat","embeddable":true,"href":"https:\/\/www.promotio.sk\/sk\/wp-json\/wp\/v2\/product_cat?post=33502"},{"taxonomy":"product_tag","embeddable":true,"href":"https:\/\/www.promotio.sk\/sk\/wp-json\/wp\/v2\/product_tag?post=33502"}],"curies":[{"name":"wp","href":"https:\/\/api.w.org\/{rel}","templated":true}]}}