{"id":33452,"date":"2024-03-12T22:37:26","date_gmt":"2024-03-12T21:37:26","guid":{"rendered":"https:\/\/www.promotio.sk\/shop\/nezaraden\u00e9\/patrol\/"},"modified":"2024-03-12T22:51:55","modified_gmt":"2024-03-12T21:51:55","slug":"patrol","status":"publish","type":"product","link":"https:\/\/www.promotio.sk\/sk\/shop\/promo-clothing\/workwear\/horeca\/patrol\/","title":{"rendered":"HLIADKA"},"content":{"rendered":"<p>Dlh\u00e9 unisex nohavice z technickej tkaniny. \u00b7 Vzadu nastavite\u013en\u00fd elastick\u00fd p\u00e1s. \u00b7 P\u00fatka na opasok. \u00b7 Dve bo\u010dn\u00e9 vreck\u00e1 klasick\u00e9ho strihu. \u00b7 Dve bo\u010dn\u00e9 vreck\u00e1 vo \u0161voch so skryt\u00fdmi zipsami. \u00b7 Zadn\u00e9 vrecko s patentn\u00fdm gomb\u00edkom. \u00b7 Z\u00e1hyby na kolen\u00e1ch. \u00b7 Dvojit\u00fd \u0161ev na vn\u00fatornej strane nohav\u00edc, v rozkroku a spodnom leme. \u00b7 PVC nastavovacie prvky a elastick\u00e9 popruhy na leme.<br \/>Zlo\u017eenie: 90% polyester \/ 10% elastan, 235 gsm.<br \/><img decoding=\"async\" src=\"https:\/\/static.gorfactory.es\/pics\/measures\/PA_HO.jpg\"><\/p>","protected":false},"excerpt":{"rendered":"<p>Long unisex trousers in technical fabric. \u00b7 Back adjustable elastic waistband. \u00b7 Belt loops. \u00b7 Two side pockets in a<\/p>","protected":false},"featured_media":33453,"comment_status":"open","ping_status":"closed","template":"","meta":[],"product_cat":[564,563],"product_tag":[],"class_list":{"0":"post-33452","1":"product","2":"type-product","3":"status-publish","4":"has-post-thumbnail","6":"product_cat-horeca","7":"product_cat-workwear","9":"first","10":"instock","11":"shipping-taxable","12":"purchasable","13":"product-type-variable"},"_links":{"self":[{"href":"https:\/\/www.promotio.sk\/sk\/wp-json\/wp\/v2\/product\/33452","targetHints":{"allow":["GET"]}}],"collection":[{"href":"https:\/\/www.promotio.sk\/sk\/wp-json\/wp\/v2\/product"}],"about":[{"href":"https:\/\/www.promotio.sk\/sk\/wp-json\/wp\/v2\/types\/product"}],"replies":[{"embeddable":true,"href":"https:\/\/www.promotio.sk\/sk\/wp-json\/wp\/v2\/comments?post=33452"}],"wp:featuredmedia":[{"embeddable":true,"href":"https:\/\/www.promotio.sk\/sk\/wp-json\/wp\/v2\/media\/33453"}],"wp:attachment":[{"href":"https:\/\/www.promotio.sk\/sk\/wp-json\/wp\/v2\/media?parent=33452"}],"wp:term":[{"taxonomy":"product_cat","embeddable":true,"href":"https:\/\/www.promotio.sk\/sk\/wp-json\/wp\/v2\/product_cat?post=33452"},{"taxonomy":"product_tag","embeddable":true,"href":"https:\/\/www.promotio.sk\/sk\/wp-json\/wp\/v2\/product_tag?post=33452"}],"curies":[{"name":"wp","href":"https:\/\/api.w.org\/{rel}","templated":true}]}}