{"id":33263,"date":"2024-03-12T20:54:36","date_gmt":"2024-03-12T19:54:36","guid":{"rendered":"https:\/\/www.promotio.sk\/shop\/nezaraden\u00e9\/fonta\/"},"modified":"2024-03-12T22:22:54","modified_gmt":"2024-03-12T21:22:54","slug":"fonta","status":"publish","type":"product","link":"https:\/\/www.promotio.sk\/sk\/shop\/promo-clothing\/workwear\/industry_services\/fonta\/","title":{"rendered":"FONTA"},"content":{"rendered":"<p>Hrub\u00e9 dlh\u00e9 nohavice s elastanom.<br \/>\n\u00b7 Nastavite\u013en\u00fd elastick\u00fd p\u00e1s na bokoch.<br \/>\n\u00b7 Pohodln\u00e1 a odoln\u00e1 tkanina.<br \/>\n\u00b7 Zosilnen\u00e9 trojit\u00e9 \u0161vy v rozkroku, na vn\u00fatornej strane nohav\u00edc a<br \/>\n  strany.<br \/>\n\u00b7 Kontrastn\u00e9 lemovanie \u0161vov.<br \/>\n\u00b7 Dve predn\u00e9 vreck\u00e1 a jedno na mince.<br \/>\n\u00b7 Dve funk\u010dn\u00e9 zadn\u00e9 vreck\u00e1. Ten prav\u00fd s<br \/>\n   klopou a zap\u00ednan\u00edm na such\u00fd zips.<br \/>\n\u00b7 Dve funk\u010dn\u00e9 bo\u010dn\u00e9 vreck\u00e1. Ten prav\u00fd pre a<br \/>\n   n\u00f4\u017e na rezanie \u0161kat\u00fa\u013e. \u013dav\u00fd s chlop\u0148ou a such\u00fdm zipsom<br \/>\n   zap\u00ednanie.<br \/>Zlo\u017eenie: bavlna 98%, elastan 2%, 300 g\/m2.<br \/>\n<br \/>Pozn\u00e1mky: Kontrastn\u00e9 logo na odeve.<br \/><img decoding=\"async\" src=\"https:\/\/static.gorfactory.es\/pics\/measures\/PA_HO.jpg\"><\/p>","protected":false},"excerpt":{"rendered":"<p>Thick long trousers with elastane. \u00b7 Adjustable elastic waistband on sides. \u00b7 Comfortable and resistant fabric. \u00b7 Reinforced triple seams<\/p>","protected":false},"featured_media":33264,"comment_status":"open","ping_status":"closed","template":"","meta":[],"product_cat":[566,563],"product_tag":[],"class_list":{"0":"post-33263","1":"product","2":"type-product","3":"status-publish","4":"has-post-thumbnail","6":"product_cat-industry_services","7":"product_cat-workwear","9":"first","10":"instock","11":"shipping-taxable","12":"purchasable","13":"product-type-variable"},"_links":{"self":[{"href":"https:\/\/www.promotio.sk\/sk\/wp-json\/wp\/v2\/product\/33263","targetHints":{"allow":["GET"]}}],"collection":[{"href":"https:\/\/www.promotio.sk\/sk\/wp-json\/wp\/v2\/product"}],"about":[{"href":"https:\/\/www.promotio.sk\/sk\/wp-json\/wp\/v2\/types\/product"}],"replies":[{"embeddable":true,"href":"https:\/\/www.promotio.sk\/sk\/wp-json\/wp\/v2\/comments?post=33263"}],"wp:featuredmedia":[{"embeddable":true,"href":"https:\/\/www.promotio.sk\/sk\/wp-json\/wp\/v2\/media\/33264"}],"wp:attachment":[{"href":"https:\/\/www.promotio.sk\/sk\/wp-json\/wp\/v2\/media?parent=33263"}],"wp:term":[{"taxonomy":"product_cat","embeddable":true,"href":"https:\/\/www.promotio.sk\/sk\/wp-json\/wp\/v2\/product_cat?post=33263"},{"taxonomy":"product_tag","embeddable":true,"href":"https:\/\/www.promotio.sk\/sk\/wp-json\/wp\/v2\/product_tag?post=33263"}],"curies":[{"name":"wp","href":"https:\/\/api.w.org\/{rel}","templated":true}]}}