{"id":33137,"date":"2024-03-12T20:46:58","date_gmt":"2024-03-12T19:46:58","guid":{"rendered":"https:\/\/www.promotio.sk\/shop\/nezaraden\u00e9\/daily-next\/"},"modified":"2024-03-12T22:23:31","modified_gmt":"2024-03-12T21:23:31","slug":"daily-next","status":"publish","type":"product","link":"https:\/\/www.promotio.sk\/sk\/shop\/promo-clothing\/workwear\/industry_services\/daily-next\/","title":{"rendered":"DENNE \u010eALEJ"},"content":{"rendered":"<p>Dlh\u00e9 pracovn\u00e9 nohavice rovn\u00e9ho strihu z odolnej l\u00e1tky.<br \/>\n\u00b7 Nastavite\u013en\u00fd elastick\u00fd p\u00e1s vzadu.<br \/>\n\u00b7 Dve predn\u00e9 vreck\u00e1.<br \/>\n\u00b7 Jedno zadn\u00e9 vrecko s chlop\u0148ou a zap\u00ednan\u00edm na such\u00fd zips.<br \/>\n\u00b7 Jedno vrecko na \u013eavej strane bez chlopne.<br \/>\n\u00b7 Jedno vrecko na pravej strane s chlop\u0148ou.<br \/>\n<br \/>Zlo\u017eenie: 80% polyester \/ 20% bavlna, 210 gsm.<br \/>Pozn\u00e1mky: *Dostupn\u00fd model pre \u017eeny.<br \/><img decoding=\"async\" src=\"https:\/\/static.gorfactory.es\/pics\/measures\/PA_HO.jpg\"><\/p>","protected":false},"excerpt":{"rendered":"<p>Straight-cut long work trousers in resistant fabric. \u00b7 Adjustable elastic waistband at the back. \u00b7 Two front pockets. \u00b7 One<\/p>","protected":false},"featured_media":33138,"comment_status":"open","ping_status":"closed","template":"","meta":[],"product_cat":[566,563],"product_tag":[],"class_list":{"0":"post-33137","1":"product","2":"type-product","3":"status-publish","4":"has-post-thumbnail","6":"product_cat-industry_services","7":"product_cat-workwear","9":"first","10":"instock","11":"shipping-taxable","12":"purchasable","13":"product-type-variable"},"_links":{"self":[{"href":"https:\/\/www.promotio.sk\/sk\/wp-json\/wp\/v2\/product\/33137","targetHints":{"allow":["GET"]}}],"collection":[{"href":"https:\/\/www.promotio.sk\/sk\/wp-json\/wp\/v2\/product"}],"about":[{"href":"https:\/\/www.promotio.sk\/sk\/wp-json\/wp\/v2\/types\/product"}],"replies":[{"embeddable":true,"href":"https:\/\/www.promotio.sk\/sk\/wp-json\/wp\/v2\/comments?post=33137"}],"wp:featuredmedia":[{"embeddable":true,"href":"https:\/\/www.promotio.sk\/sk\/wp-json\/wp\/v2\/media\/33138"}],"wp:attachment":[{"href":"https:\/\/www.promotio.sk\/sk\/wp-json\/wp\/v2\/media?parent=33137"}],"wp:term":[{"taxonomy":"product_cat","embeddable":true,"href":"https:\/\/www.promotio.sk\/sk\/wp-json\/wp\/v2\/product_cat?post=33137"},{"taxonomy":"product_tag","embeddable":true,"href":"https:\/\/www.promotio.sk\/sk\/wp-json\/wp\/v2\/product_tag?post=33137"}],"curies":[{"name":"wp","href":"https:\/\/api.w.org\/{rel}","templated":true}]}}