{"id":33063,"date":"2024-03-12T20:42:13","date_gmt":"2024-03-12T19:42:13","guid":{"rendered":"https:\/\/www.promotio.sk\/shop\/nezaraden\u00e9\/protect\/"},"modified":"2024-03-12T22:24:16","modified_gmt":"2024-03-12T21:24:16","slug":"protect","status":"publish","type":"product","link":"https:\/\/www.promotio.sk\/sk\/shop\/promo-clothing\/workwear\/industry_services\/protect\/","title":{"rendered":"CHR\u00c1NI\u0164"},"content":{"rendered":"<p>Dlh\u00e9 pracovn\u00e9 nohavice rovn\u00e9ho strihu bez z\u00e1hybov.<br \/>\n\u00b7 Elastick\u00fd p\u00e1s pre lep\u0161ie prisp\u00f4sobenie.<br \/>\n\u00b7 Dve zadn\u00e9 vreck\u00e1 a jedno bo\u010dn\u00e9 so zipsom na pravej strane.<br \/>\n\u00b7 Dve bo\u010dn\u00e9 vreck\u00e1, \u013eav\u00e9 s chlop\u0148ou a mechom plus vn\u00fatorn\u00e9 vrecko a prav\u00e9 s nieko\u013ek\u00fdmi priehradkami.<br \/>\n\u00b7 Ve\u0161iak na opasok na k\u013e\u00fa\u010de.<br \/>\n\u00b7 Vn\u00fatorn\u00e9 vreck\u00e1 na ochranu kolien.<br \/>\n\u00b7 P\u00fatka na opasok vzadu a na bo\u010dn\u00fdch vreck\u00e1ch.<br \/>\n<br \/>Zlo\u017eenie: 65% polyester \/ 35% bavlna, 245 gsm.<br \/>Pozn\u00e1mky: *Vysok\u00e1 kvalita.<br \/><img decoding=\"async\" src=\"https:\/\/static.gorfactory.es\/pics\/measures\/PA_HO.jpg\"><\/p>","protected":false},"excerpt":{"rendered":"<p>Long straight-cut work trousers without pleats. \u00b7 Elastic waistband for better adjustment. \u00b7 Two back pockets and a side one<\/p>","protected":false},"featured_media":33064,"comment_status":"open","ping_status":"closed","template":"","meta":[],"product_cat":[566,563],"product_tag":[],"class_list":{"0":"post-33063","1":"product","2":"type-product","3":"status-publish","4":"has-post-thumbnail","6":"product_cat-industry_services","7":"product_cat-workwear","9":"first","10":"instock","11":"shipping-taxable","12":"purchasable","13":"product-type-variable"},"_links":{"self":[{"href":"https:\/\/www.promotio.sk\/sk\/wp-json\/wp\/v2\/product\/33063","targetHints":{"allow":["GET"]}}],"collection":[{"href":"https:\/\/www.promotio.sk\/sk\/wp-json\/wp\/v2\/product"}],"about":[{"href":"https:\/\/www.promotio.sk\/sk\/wp-json\/wp\/v2\/types\/product"}],"replies":[{"embeddable":true,"href":"https:\/\/www.promotio.sk\/sk\/wp-json\/wp\/v2\/comments?post=33063"}],"wp:featuredmedia":[{"embeddable":true,"href":"https:\/\/www.promotio.sk\/sk\/wp-json\/wp\/v2\/media\/33064"}],"wp:attachment":[{"href":"https:\/\/www.promotio.sk\/sk\/wp-json\/wp\/v2\/media?parent=33063"}],"wp:term":[{"taxonomy":"product_cat","embeddable":true,"href":"https:\/\/www.promotio.sk\/sk\/wp-json\/wp\/v2\/product_cat?post=33063"},{"taxonomy":"product_tag","embeddable":true,"href":"https:\/\/www.promotio.sk\/sk\/wp-json\/wp\/v2\/product_tag?post=33063"}],"curies":[{"name":"wp","href":"https:\/\/api.w.org\/{rel}","templated":true}]}}