{"id":32815,"date":"2024-03-12T20:27:04","date_gmt":"2024-03-12T19:27:04","guid":{"rendered":"https:\/\/www.promotio.sk\/shop\/nezaraden\u00e9\/raptor\/"},"modified":"2024-03-12T22:25:11","modified_gmt":"2024-03-12T21:25:11","slug":"raptor","status":"publish","type":"product","link":"https:\/\/www.promotio.sk\/sk\/shop\/promo-clothing\/workwear\/industry_services\/raptor\/","title":{"rendered":"RAPTOR"},"content":{"rendered":"<p>Viacvreckov\u00e9 d\u017e\u00ednsy.<br \/>\n\u00b7 P\u00e1s s p\u00fatkami na opasok.<br \/>\n\u00b7 Zap\u00ednanie na kovov\u00fd zips a gomb\u00edk.<br \/>\n\u00b7 \u013dav\u00e9 bo\u010dn\u00e9 skladan\u00e9 vrecko s chlop\u0148ou a such\u00fdm zipsom<br \/>\n   zap\u00ednanie.<br \/>\n\u00b7 \u013dav\u00e9 bo\u010dn\u00e9 vrecko so zipsom.<br \/>\n\u00b7 Dvojit\u00e9 \u00fazke prav\u00e9 vrecko.<br \/>\n\u2013 Vn\u00fatorn\u00e9 \u0161vy mierne dopredu.<br \/>\n\u00b7 Kontrastn\u00e9 \u0161vy.<br \/>Zlo\u017eenie: bavlna 78% \/ 20% polyester \/ 2% elastan, 370 gsm (11 oz).<br \/><img decoding=\"async\" src=\"https:\/\/static.gorfactory.es\/pics\/measures\/PA_HO.jpg\"><\/p>","protected":false},"excerpt":{"rendered":"<p>Multipocket jeans. \u00b7 Waistband with belt loops. \u00b7 Metal zip and button fastening. \u00b7 Left side pleated pocket with flap<\/p>","protected":false},"featured_media":32816,"comment_status":"open","ping_status":"closed","template":"","meta":[],"product_cat":[566,563],"product_tag":[],"class_list":{"0":"post-32815","1":"product","2":"type-product","3":"status-publish","4":"has-post-thumbnail","6":"product_cat-industry_services","7":"product_cat-workwear","9":"first","10":"instock","11":"shipping-taxable","12":"purchasable","13":"product-type-variable"},"_links":{"self":[{"href":"https:\/\/www.promotio.sk\/sk\/wp-json\/wp\/v2\/product\/32815","targetHints":{"allow":["GET"]}}],"collection":[{"href":"https:\/\/www.promotio.sk\/sk\/wp-json\/wp\/v2\/product"}],"about":[{"href":"https:\/\/www.promotio.sk\/sk\/wp-json\/wp\/v2\/types\/product"}],"replies":[{"embeddable":true,"href":"https:\/\/www.promotio.sk\/sk\/wp-json\/wp\/v2\/comments?post=32815"}],"wp:featuredmedia":[{"embeddable":true,"href":"https:\/\/www.promotio.sk\/sk\/wp-json\/wp\/v2\/media\/32816"}],"wp:attachment":[{"href":"https:\/\/www.promotio.sk\/sk\/wp-json\/wp\/v2\/media?parent=32815"}],"wp:term":[{"taxonomy":"product_cat","embeddable":true,"href":"https:\/\/www.promotio.sk\/sk\/wp-json\/wp\/v2\/product_cat?post=32815"},{"taxonomy":"product_tag","embeddable":true,"href":"https:\/\/www.promotio.sk\/sk\/wp-json\/wp\/v2\/product_tag?post=32815"}],"curies":[{"name":"wp","href":"https:\/\/api.w.org\/{rel}","templated":true}]}}