{"id":32761,"date":"2024-03-12T20:23:43","date_gmt":"2024-03-12T19:23:43","guid":{"rendered":"https:\/\/www.promotio.sk\/shop\/nezaraden\u00e9\/safety\/"},"modified":"2024-03-12T22:26:09","modified_gmt":"2024-03-12T21:26:09","slug":"safety","status":"publish","type":"product","link":"https:\/\/www.promotio.sk\/sk\/shop\/promo-clothing\/workwear\/industry_services\/safety\/","title":{"rendered":"BEZPE\u010cNOS\u0164"},"content":{"rendered":"<p>Dlh\u00e9 pracovn\u00e9 nohavice z bavlnenej l\u00e1tky.<br \/>\n\u00b7 Nastavite\u013en\u00fd elastick\u00fd p\u00e1s v zadnej \u010dasti.<br \/>\n\u00b7 Dve predn\u00e9 vreck\u00e1.<br \/>\n\u00b7 Zadn\u00e9 vrecko s chlop\u0148ou a zap\u00ednan\u00edm na such\u00fd zips.<br \/>\n\u00b7 Dve bo\u010dn\u00e9 vreck\u00e1 s chlop\u0148ou a zap\u00ednan\u00edm na such\u00fd zips.<br \/>\n\u00b7 Zosilnen\u00e1 vn\u00fatorn\u00e1 strana stehien.<br \/>\n\u00b7 Dvojit\u00e1 l\u00e1tka na chr\u00e1ni\u010doch kolien.<br \/>Zlo\u017eenie: 100% bavlna, 240 gsm.<br \/><img decoding=\"async\" src=\"https:\/\/static.gorfactory.es\/pics\/measures\/PA_HO.jpg\"><\/p>","protected":false},"excerpt":{"rendered":"<p>Long work trousers in cotton fabric. \u00b7 Adjustable elastic waistband in the back. \u00b7 Two front pockets. \u00b7 Back pocket<\/p>","protected":false},"featured_media":32762,"comment_status":"open","ping_status":"closed","template":"","meta":[],"product_cat":[566,563],"product_tag":[],"class_list":{"0":"post-32761","1":"product","2":"type-product","3":"status-publish","4":"has-post-thumbnail","6":"product_cat-industry_services","7":"product_cat-workwear","9":"first","10":"instock","11":"shipping-taxable","12":"purchasable","13":"product-type-variable"},"_links":{"self":[{"href":"https:\/\/www.promotio.sk\/sk\/wp-json\/wp\/v2\/product\/32761","targetHints":{"allow":["GET"]}}],"collection":[{"href":"https:\/\/www.promotio.sk\/sk\/wp-json\/wp\/v2\/product"}],"about":[{"href":"https:\/\/www.promotio.sk\/sk\/wp-json\/wp\/v2\/types\/product"}],"replies":[{"embeddable":true,"href":"https:\/\/www.promotio.sk\/sk\/wp-json\/wp\/v2\/comments?post=32761"}],"wp:featuredmedia":[{"embeddable":true,"href":"https:\/\/www.promotio.sk\/sk\/wp-json\/wp\/v2\/media\/32762"}],"wp:attachment":[{"href":"https:\/\/www.promotio.sk\/sk\/wp-json\/wp\/v2\/media?parent=32761"}],"wp:term":[{"taxonomy":"product_cat","embeddable":true,"href":"https:\/\/www.promotio.sk\/sk\/wp-json\/wp\/v2\/product_cat?post=32761"},{"taxonomy":"product_tag","embeddable":true,"href":"https:\/\/www.promotio.sk\/sk\/wp-json\/wp\/v2\/product_tag?post=32761"}],"curies":[{"name":"wp","href":"https:\/\/api.w.org\/{rel}","templated":true}]}}