{"id":32658,"date":"2024-03-12T14:49:09","date_gmt":"2024-03-12T13:49:09","guid":{"rendered":"https:\/\/www.promotio.sk\/shop\/nezaraden\u00e9\/enix\/"},"modified":"2024-03-12T15:16:22","modified_gmt":"2024-03-12T14:16:22","slug":"enix","status":"publish","type":"product","link":"https:\/\/www.promotio.sk\/sk\/shop\/promo-clothing\/workwear\/highvis\/enix\/","title":{"rendered":"ENIX"},"content":{"rendered":"<p>Pod\u0161it\u00e9 dlh\u00e9 nohavice s vysokou vidite\u013enos\u0165ou s viacer\u00fdmi vreckami.<br \/>\n\u00b7 Fleecov\u00e1 pod\u0161\u00edvka.<br \/>\n\u00b7 Kontrastn\u00e9 flu\u00f3rov\u00e9 detaily vo vreck\u00e1ch.<br \/>\n\u00b7 Zadn\u00fd elastick\u00fd p\u00e1s.<br \/>\n\u00b7 Dve predn\u00e9 vreck\u00e1.<br \/>\n\u00b7 Dve zadn\u00e9 vreck\u00e1 s chlop\u0148ou a zap\u00ednan\u00edm na such\u00fd zips.<br \/>\n\u00b7 Dve skladan\u00e9 bo\u010dn\u00e9 vreck\u00e1 s chlop\u0148ou a such\u00fdm zipsom<br \/>\n  zap\u00ednanie.<br \/>\n\u00b7 Dvojfarebn\u00e1 kombin\u00e1cia a horizont\u00e1lne vysok\u00e9<br \/>\n   vidite\u013enosti p\u00e1sov.<br \/>Zlo\u017eenie: dve vrstvy:<br \/>\nPl\u00e1\u0161\u0165: 80% polyester a 20% bavlna, 235 gsm keper.<br \/>\nPod\u0161\u00edvka: 100% fleece polyester, 185 gsm.<br \/>\n<br \/>Pozn\u00e1mky: Zhoda CE pod\u013ea nasleduj\u00facich noriem: EN ISO 13688:2013\/A1:2021 a EN ISO 20471:2013\/A1:2017.<br \/>\ntrieda I.<\/p>","protected":false},"excerpt":{"rendered":"<p>Lined high-visibility multipocket long trousers. \u00b7 Fleece lining. \u00b7 Contrasting fluor details in pockets. \u00b7 Back elastic waistband. \u00b7 Two<\/p>","protected":false},"featured_media":32659,"comment_status":"open","ping_status":"closed","template":"","meta":[],"product_cat":[565,563],"product_tag":[],"class_list":{"0":"post-32658","1":"product","2":"type-product","3":"status-publish","4":"has-post-thumbnail","6":"product_cat-highvis","7":"product_cat-workwear","9":"first","10":"outofstock","11":"shipping-taxable","12":"purchasable","13":"product-type-variable"},"_links":{"self":[{"href":"https:\/\/www.promotio.sk\/sk\/wp-json\/wp\/v2\/product\/32658","targetHints":{"allow":["GET"]}}],"collection":[{"href":"https:\/\/www.promotio.sk\/sk\/wp-json\/wp\/v2\/product"}],"about":[{"href":"https:\/\/www.promotio.sk\/sk\/wp-json\/wp\/v2\/types\/product"}],"replies":[{"embeddable":true,"href":"https:\/\/www.promotio.sk\/sk\/wp-json\/wp\/v2\/comments?post=32658"}],"wp:featuredmedia":[{"embeddable":true,"href":"https:\/\/www.promotio.sk\/sk\/wp-json\/wp\/v2\/media\/32659"}],"wp:attachment":[{"href":"https:\/\/www.promotio.sk\/sk\/wp-json\/wp\/v2\/media?parent=32658"}],"wp:term":[{"taxonomy":"product_cat","embeddable":true,"href":"https:\/\/www.promotio.sk\/sk\/wp-json\/wp\/v2\/product_cat?post=32658"},{"taxonomy":"product_tag","embeddable":true,"href":"https:\/\/www.promotio.sk\/sk\/wp-json\/wp\/v2\/product_tag?post=32658"}],"curies":[{"name":"wp","href":"https:\/\/api.w.org\/{rel}","templated":true}]}}