{"id":32604,"date":"2024-03-12T14:45:19","date_gmt":"2024-03-12T13:45:19","guid":{"rendered":"https:\/\/www.promotio.sk\/shop\/nezaraden\u00e9\/merak\/"},"modified":"2024-03-12T14:49:07","modified_gmt":"2024-03-12T13:49:07","slug":"merak","status":"publish","type":"product","link":"https:\/\/www.promotio.sk\/sk\/shop\/promo-clothing\/workwear\/highvis\/merak\/","title":{"rendered":"MERAK"},"content":{"rendered":"<p>Kombinovan\u00e1 a vystu\u017een\u00e1 parka s vysokou vidite\u013enos\u0165ou.<br \/>\n\u00b7 Nepremokav\u00e1 tkanina s tepelne zataven\u00fdmi \u0161vami.<br \/>\n\u00b7 Skladacia kapuc\u0148a s nastavite\u013enou \u0161n\u00farkou.<br \/>\n\u00b7 Dva horizont\u00e1lne dobre vidite\u013en\u00e9 p\u00e1sy na hrudi a<br \/>\n  ruk\u00e1vy a vertik\u00e1lne na ramen\u00e1ch.<br \/>\n\u00b7 N\u00e1prsn\u00e9 vrecko s chlop\u0148ou, such\u00fdm zipsom a ID odznakom.<br \/>\n\u00b7 Dve predn\u00e9 vreck\u00e1 s chlop\u0148ou.<br \/>\n\u00b7 Vn\u00fatorn\u00e9 vrecko so zipsom.<br \/>\n\u00b7 Skryt\u00e9 1\u00d71 rebrovan\u00e9 man\u017eety.<br \/>\n\u00b7 Predn\u00e1 l\u00e9ga s kovov\u00fdmi a dvojit\u00fdmi gomb\u00edkmi<br \/>\n   predn\u00fd zips.<br \/>\n\u00b7 Vn\u00fatorn\u00fd pr\u00edstup pre sie\u0165otla\u010d.<\/p>\n<p>Zlo\u017eenie: Pl\u00e1\u0161\u0165: 100% vodeodoln\u00fd laminovan\u00fd polyester.<br \/>\nPod\u0161\u00edvka: 100% polyester.<br \/>\nV\u00fdpl\u0148: 100% polyester.<br \/>\n365 gsm.<br \/>\n<br \/>Pozn\u00e1mky: Zhoda CE pod\u013ea nasleduj\u00facich noriem: EN ISO 13688:2013\/A1:2021<br \/>\nEN ISO 20471:2013\/A1:2017.<br \/>\nUNE-EN 343:2019. Trieda 3_1<br \/>\nUNE-EN 14058:2017. Trieda 4_2_0,24_WP<br \/>\nII. trieda: 221 \u2013 55221 \u2013 55223 \u2013 52221 \u2013 23221.<\/p>","protected":false},"excerpt":{"rendered":"<p>Combined and padded high-visibility parka. \u00b7 Waterproof fabric with heat-sealed seams. \u00b7 Foldable hood with adjustable drawcord. \u00b7 Two horizontal<\/p>","protected":false},"featured_media":32605,"comment_status":"open","ping_status":"closed","template":"","meta":[],"product_cat":[565,563],"product_tag":[],"class_list":{"0":"post-32604","1":"product","2":"type-product","3":"status-publish","4":"has-post-thumbnail","6":"product_cat-highvis","7":"product_cat-workwear","9":"first","10":"instock","11":"shipping-taxable","12":"purchasable","13":"product-type-variable"},"_links":{"self":[{"href":"https:\/\/www.promotio.sk\/sk\/wp-json\/wp\/v2\/product\/32604","targetHints":{"allow":["GET"]}}],"collection":[{"href":"https:\/\/www.promotio.sk\/sk\/wp-json\/wp\/v2\/product"}],"about":[{"href":"https:\/\/www.promotio.sk\/sk\/wp-json\/wp\/v2\/types\/product"}],"replies":[{"embeddable":true,"href":"https:\/\/www.promotio.sk\/sk\/wp-json\/wp\/v2\/comments?post=32604"}],"wp:featuredmedia":[{"embeddable":true,"href":"https:\/\/www.promotio.sk\/sk\/wp-json\/wp\/v2\/media\/32605"}],"wp:attachment":[{"href":"https:\/\/www.promotio.sk\/sk\/wp-json\/wp\/v2\/media?parent=32604"}],"wp:term":[{"taxonomy":"product_cat","embeddable":true,"href":"https:\/\/www.promotio.sk\/sk\/wp-json\/wp\/v2\/product_cat?post=32604"},{"taxonomy":"product_tag","embeddable":true,"href":"https:\/\/www.promotio.sk\/sk\/wp-json\/wp\/v2\/product_tag?post=32604"}],"curies":[{"name":"wp","href":"https:\/\/api.w.org\/{rel}","templated":true}]}}