{"id":32389,"date":"2024-03-12T14:30:31","date_gmt":"2024-03-12T13:30:31","guid":{"rendered":"https:\/\/www.promotio.sk\/shop\/nezaraden\u00e9\/vega-ls\/"},"modified":"2024-03-12T14:31:25","modified_gmt":"2024-03-12T13:31:25","slug":"vega-ls","status":"publish","type":"product","link":"https:\/\/www.promotio.sk\/sk\/shop\/promo-clothing\/workwear\/highvis\/vega-ls\/","title":{"rendered":"VEGA LS"},"content":{"rendered":"<p>Vysoko vidite\u013en\u00e1 poloko\u0161e\u013ea s dlh\u00fdm ruk\u00e1vom z technickej tkaniny.<br \/>\n\u00b7 1\u00d71 rebrovan\u00e1 l\u00e1tka v golieri a man\u017eet\u00e1ch.<br \/>\n\u00b7 Dva segmentovan\u00e9 p\u00e1sy s vysokou vidite\u013enos\u0165ou na hrudi a<br \/>\n   sp\u00e4\u0165.<br \/>\n\u00b7 Kontrastn\u00e1 l\u00e9ga s 3 gomb\u00edkmi.<br \/>\n\u00b7 Tkanina proti zachyteniu a \u013eahko schn\u00faca.<br \/>Zlo\u017eenie: 100% polyester vt\u00e1\u010die oko, 170 g\/m2.<br \/>Pozn\u00e1mky: *Odn\u00edmate\u013en\u00fd \u0161t\u00edtok.<br \/>\n* Volite\u013en\u00e9 vrecko.<br \/>\nZhoda CE pod\u013ea nasleduj\u00facich noriem:<br \/>\nEN ISO 13688:2013\/A1:2021<br \/>\nEN ISO 20471:2013\/A1:2017.<br \/>\ntrieda I.<\/p>","protected":false},"excerpt":{"rendered":"<p>High-visibility long-sleeve polo shirt in technical fabric. \u00b7 1&#215;1 ribbed fabric in collar and cuffs. \u00b7 Two segmented high-visibility strips<\/p>","protected":false},"featured_media":32390,"comment_status":"open","ping_status":"closed","template":"","meta":[],"product_cat":[565,563],"product_tag":[],"class_list":{"0":"post-32389","1":"product","2":"type-product","3":"status-publish","4":"has-post-thumbnail","6":"product_cat-highvis","7":"product_cat-workwear","9":"first","10":"instock","11":"shipping-taxable","12":"purchasable","13":"product-type-variable"},"_links":{"self":[{"href":"https:\/\/www.promotio.sk\/sk\/wp-json\/wp\/v2\/product\/32389","targetHints":{"allow":["GET"]}}],"collection":[{"href":"https:\/\/www.promotio.sk\/sk\/wp-json\/wp\/v2\/product"}],"about":[{"href":"https:\/\/www.promotio.sk\/sk\/wp-json\/wp\/v2\/types\/product"}],"replies":[{"embeddable":true,"href":"https:\/\/www.promotio.sk\/sk\/wp-json\/wp\/v2\/comments?post=32389"}],"wp:featuredmedia":[{"embeddable":true,"href":"https:\/\/www.promotio.sk\/sk\/wp-json\/wp\/v2\/media\/32390"}],"wp:attachment":[{"href":"https:\/\/www.promotio.sk\/sk\/wp-json\/wp\/v2\/media?parent=32389"}],"wp:term":[{"taxonomy":"product_cat","embeddable":true,"href":"https:\/\/www.promotio.sk\/sk\/wp-json\/wp\/v2\/product_cat?post=32389"},{"taxonomy":"product_tag","embeddable":true,"href":"https:\/\/www.promotio.sk\/sk\/wp-json\/wp\/v2\/product_tag?post=32389"}],"curies":[{"name":"wp","href":"https:\/\/api.w.org\/{rel}","templated":true}]}}