{"id":32301,"date":"2024-03-12T14:23:03","date_gmt":"2024-03-12T13:23:03","guid":{"rendered":"https:\/\/www.promotio.sk\/shop\/nezaraden\u00e9\/persei\/"},"modified":"2024-03-12T14:25:12","modified_gmt":"2024-03-12T13:25:12","slug":"persei","status":"publish","type":"product","link":"https:\/\/www.promotio.sk\/sk\/shop\/promo-clothing\/workwear\/highvis\/persei\/","title":{"rendered":"PERSEI"},"content":{"rendered":"<p>Obojstrann\u00e1 vidite\u013en\u00e1 vesta s viacer\u00fdmi vreckami a vysok\u00fdm golierom.<br \/>\nViacvreckov\u00e1 vesta.<br \/>\n\u00b7 Predn\u00fd zips s obojstrann\u00fdm s\u0165ahova\u010dom.<br \/>\n\u00b7 Prav\u00e9 bo\u010dn\u00e9 vonkaj\u0161ie vrecko na mobil.<br \/>\n\u00b7 Dve skladan\u00e9 predn\u00e9 vreck\u00e1 s bo\u010dn\u00fdmi rozparkami.<br \/>\n\u00b7 Dve vreck\u00e1 na per\u00e1.<br \/>\n\u00b7 Vrecko na zips.<br \/>\n\u00b7 Vetrovky v man\u017eet\u00e1ch.<br \/>\n\u00b7 Lem chvostovej ko\u0161ele.<br \/>\n\u00b7 Elastick\u00fd nastavova\u010d.<br \/>\n\u00b7 Vesta s vysokou vidite\u013enos\u0165ou.<br \/>\n\u00b7 Flu\u00f3rov\u00e1 farba.<br \/>\n\u00b7 Dva horizont\u00e1lne p\u00e1sy s vysokou vidite\u013enos\u0165ou.<br \/>Zlo\u017eenie: Pl\u00e1\u0161\u0165: 100% polyester, taft.<br \/>\nV\u00fdpl\u0148: 100% polyester.<br \/>\nFluorov\u00e1 tkanina: 100% polyester single Jersey.<br \/>\n450 gsm.<br \/>Pozn\u00e1mky: \u00b7 Odn\u00edmate\u013en\u00fd \u0161t\u00edtok.<br \/>\nCE certifikovan\u00e9 pod\u013ea:<br \/>\nEN ISO 13688:2013\/A1:2021<br \/>\nEN ISO 20471:2013\/A1:2017<br \/>\ntrieda I.<\/p>","protected":false},"excerpt":{"rendered":"<p>Two-sided high-visibility vest with multipockets and high collar. Multipocket vest. \u00b7 Front zip with two-sided puller. \u00b7 Right side outer<\/p>","protected":false},"featured_media":32302,"comment_status":"open","ping_status":"closed","template":"","meta":[],"product_cat":[565,563],"product_tag":[],"class_list":{"0":"post-32301","1":"product","2":"type-product","3":"status-publish","4":"has-post-thumbnail","6":"product_cat-highvis","7":"product_cat-workwear","9":"first","10":"instock","11":"shipping-taxable","12":"purchasable","13":"product-type-variable"},"_links":{"self":[{"href":"https:\/\/www.promotio.sk\/sk\/wp-json\/wp\/v2\/product\/32301","targetHints":{"allow":["GET"]}}],"collection":[{"href":"https:\/\/www.promotio.sk\/sk\/wp-json\/wp\/v2\/product"}],"about":[{"href":"https:\/\/www.promotio.sk\/sk\/wp-json\/wp\/v2\/types\/product"}],"replies":[{"embeddable":true,"href":"https:\/\/www.promotio.sk\/sk\/wp-json\/wp\/v2\/comments?post=32301"}],"wp:featuredmedia":[{"embeddable":true,"href":"https:\/\/www.promotio.sk\/sk\/wp-json\/wp\/v2\/media\/32302"}],"wp:attachment":[{"href":"https:\/\/www.promotio.sk\/sk\/wp-json\/wp\/v2\/media?parent=32301"}],"wp:term":[{"taxonomy":"product_cat","embeddable":true,"href":"https:\/\/www.promotio.sk\/sk\/wp-json\/wp\/v2\/product_cat?post=32301"},{"taxonomy":"product_tag","embeddable":true,"href":"https:\/\/www.promotio.sk\/sk\/wp-json\/wp\/v2\/product_tag?post=32301"}],"curies":[{"name":"wp","href":"https:\/\/api.w.org\/{rel}","templated":true}]}}