{"id":32238,"date":"2024-03-12T14:18:08","date_gmt":"2024-03-12T13:18:08","guid":{"rendered":"https:\/\/www.promotio.sk\/shop\/nezaraden\u00e9\/daily-stretch-hv\/"},"modified":"2024-03-12T14:22:58","modified_gmt":"2024-03-12T13:22:58","slug":"daily-stretch-hv","status":"publish","type":"product","link":"https:\/\/www.promotio.sk\/sk\/shop\/promo-clothing\/workwear\/highvis\/daily-stretch-hv\/","title":{"rendered":"DENN\u00dd STRETCH HV"},"content":{"rendered":"<p>Dlh\u00e9 nohavice s vysokou vidite\u013enos\u0165ou s viacer\u00fdmi vreckami.<br \/>\n\u00b7 Pohodln\u00e1 a nastavite\u013en\u00e1 tkanina.<br \/>\n\u00b7 Zadn\u00fd elastick\u00fd p\u00e1s.<br \/>\n\u00b7 Dve predn\u00e9 vreck\u00e1.<br \/>\n\u00b7 Dve zadn\u00e9 vreck\u00e1 s chlop\u0148ou a zap\u00ednan\u00edm na such\u00fd zips.<br \/>\n\u00b7 Dve skladan\u00e9 bo\u010dn\u00e9 vreck\u00e1 s chlop\u0148ou a such\u00fdm zipsom<br \/>\n   zap\u00ednanie.<br \/>\n\u00b7 Dvojfarebn\u00e1 kombin\u00e1cia s horizont\u00e1lnym vysok\u00fdm<br \/>\n   vidite\u013enosti p\u00e1sov.<br \/>Zlo\u017eenie: 65% bavlna \/ 33% polyester \/ 2% elastan, 250 gsm keper.<br \/>Pozn\u00e1mky: *CE certifik\u00e1cia pod\u013ea noriem EN ISO 13688:2013\/A1:2021 a EN ISO 20471:2013\/A1:2017.<br \/>\n* Trieda I.<\/p>","protected":false},"excerpt":{"rendered":"<p>High-visibility multipocket long trousers. \u00b7 Comfortable and adjustable fabric. \u00b7 Back elastic waistband. \u00b7 Two front pockets. \u00b7 Two back<\/p>","protected":false},"featured_media":32239,"comment_status":"open","ping_status":"closed","template":"","meta":[],"product_cat":[565,563],"product_tag":[],"class_list":{"0":"post-32238","1":"product","2":"type-product","3":"status-publish","4":"has-post-thumbnail","6":"product_cat-highvis","7":"product_cat-workwear","9":"first","10":"instock","11":"shipping-taxable","12":"purchasable","13":"product-type-variable"},"_links":{"self":[{"href":"https:\/\/www.promotio.sk\/sk\/wp-json\/wp\/v2\/product\/32238","targetHints":{"allow":["GET"]}}],"collection":[{"href":"https:\/\/www.promotio.sk\/sk\/wp-json\/wp\/v2\/product"}],"about":[{"href":"https:\/\/www.promotio.sk\/sk\/wp-json\/wp\/v2\/types\/product"}],"replies":[{"embeddable":true,"href":"https:\/\/www.promotio.sk\/sk\/wp-json\/wp\/v2\/comments?post=32238"}],"wp:featuredmedia":[{"embeddable":true,"href":"https:\/\/www.promotio.sk\/sk\/wp-json\/wp\/v2\/media\/32239"}],"wp:attachment":[{"href":"https:\/\/www.promotio.sk\/sk\/wp-json\/wp\/v2\/media?parent=32238"}],"wp:term":[{"taxonomy":"product_cat","embeddable":true,"href":"https:\/\/www.promotio.sk\/sk\/wp-json\/wp\/v2\/product_cat?post=32238"},{"taxonomy":"product_tag","embeddable":true,"href":"https:\/\/www.promotio.sk\/sk\/wp-json\/wp\/v2\/product_tag?post=32238"}],"curies":[{"name":"wp","href":"https:\/\/api.w.org\/{rel}","templated":true}]}}