{"id":32181,"date":"2024-03-12T14:13:48","date_gmt":"2024-03-12T13:13:48","guid":{"rendered":"https:\/\/www.promotio.sk\/shop\/nezaraden\u00e9\/delta\/"},"modified":"2024-03-12T14:18:04","modified_gmt":"2024-03-12T13:18:04","slug":"delta","status":"publish","type":"product","link":"https:\/\/www.promotio.sk\/sk\/shop\/promo-clothing\/workwear\/highvis\/delta\/","title":{"rendered":"DELTA"},"content":{"rendered":"<p>Technick\u00e9 vysoko vidite\u013en\u00e9 tri\u010dko s kr\u00e1tkym ruk\u00e1vom.<br \/>\n\u00b7 V\u00fdstrih z rovnakej l\u00e1tky a zosilnen\u00e9 kryt\u00e9 \u0161vy na vn\u00fatornom golieri.<br \/>\n\u00b7 Jeden dobre vidite\u013en\u00fd pr\u00fa\u017eok na ruk\u00e1voch a dva na hrudi a chrbte.<br \/>\n\u00b7 Priedu\u0161n\u00e1 a \u013eahko schn\u00faca tkanina.<br \/>Zlo\u017eenie: 100% polyester vt\u00e1\u010die oko, 130 g\/m2.<br \/>Pozn\u00e1mky: Zhoda CE pod\u013ea nasleduj\u00facich noriem:<br \/>\nEN ISO 13688:2013\/A1:2021<br \/>\nEN ISO 20471:2013\/A1:2017.<br \/>\nI. trieda: 55221 \u2013 55223 \u2013 52221 \u2013 23221.<br \/>\nTrieda II: 221 \u2013 223<br \/>\n*Technick\u00e1 tkanina.<br \/>\n* Vysok\u00e1 vidite\u013enos\u0165.<br \/>\n*Priedu\u0161n\u00fd model.<\/p>","protected":false},"excerpt":{"rendered":"<p>Technical high-visibility short-sleeve t-shirt. \u00b7 Crew neck in the same fabric and reinforced covered seams on inner collar. \u00b7 One<\/p>","protected":false},"featured_media":32182,"comment_status":"open","ping_status":"closed","template":"","meta":[],"product_cat":[565,563],"product_tag":[],"class_list":{"0":"post-32181","1":"product","2":"type-product","3":"status-publish","4":"has-post-thumbnail","6":"product_cat-highvis","7":"product_cat-workwear","9":"first","10":"instock","11":"shipping-taxable","12":"purchasable","13":"product-type-variable"},"_links":{"self":[{"href":"https:\/\/www.promotio.sk\/sk\/wp-json\/wp\/v2\/product\/32181","targetHints":{"allow":["GET"]}}],"collection":[{"href":"https:\/\/www.promotio.sk\/sk\/wp-json\/wp\/v2\/product"}],"about":[{"href":"https:\/\/www.promotio.sk\/sk\/wp-json\/wp\/v2\/types\/product"}],"replies":[{"embeddable":true,"href":"https:\/\/www.promotio.sk\/sk\/wp-json\/wp\/v2\/comments?post=32181"}],"wp:featuredmedia":[{"embeddable":true,"href":"https:\/\/www.promotio.sk\/sk\/wp-json\/wp\/v2\/media\/32182"}],"wp:attachment":[{"href":"https:\/\/www.promotio.sk\/sk\/wp-json\/wp\/v2\/media?parent=32181"}],"wp:term":[{"taxonomy":"product_cat","embeddable":true,"href":"https:\/\/www.promotio.sk\/sk\/wp-json\/wp\/v2\/product_cat?post=32181"},{"taxonomy":"product_tag","embeddable":true,"href":"https:\/\/www.promotio.sk\/sk\/wp-json\/wp\/v2\/product_tag?post=32181"}],"curies":[{"name":"wp","href":"https:\/\/api.w.org\/{rel}","templated":true}]}}