{"id":32157,"date":"2024-03-12T14:11:36","date_gmt":"2024-03-12T13:11:36","guid":{"rendered":"https:\/\/www.promotio.sk\/shop\/nezaraden\u00e9\/alfa\/"},"modified":"2024-03-12T14:13:45","modified_gmt":"2024-03-12T13:13:45","slug":"alfa","status":"publish","type":"product","link":"https:\/\/www.promotio.sk\/sk\/shop\/promo-clothing\/workwear\/highvis\/alfa\/","title":{"rendered":"ALFA"},"content":{"rendered":"<p>Vysoko vidite\u013en\u00e9 dlh\u00e9 nohavice vo flu\u00f3r\u017eltej farbe.<br \/>\n\u00b7 Nastavite\u013en\u00fd elastick\u00fd p\u00e1s vzadu.<br \/>\n\u00b7 Dve predn\u00e9 vreck\u00e1.<br \/>\n\u00b7 Funk\u010dn\u00e9 zadn\u00e9 vrecko s chlop\u0148ou a zap\u00ednan\u00edm na such\u00fd zips.<br \/>\n\u00b7 Dve bo\u010dn\u00e9 vreck\u00e1 s obr\u00e1ten\u00fdm z\u00e1hybom s chlop\u0148ou a zap\u00ednan\u00edm na such\u00fd zips.<br \/>\n\u00b7 Dva horizont\u00e1lne reflexn\u00e9 p\u00e1sy.<br \/>Zlo\u017eenie: 80% polyester \/ 20% bavlna, 235 gsm keper.<br \/>Pozn\u00e1mky: Certifik\u00e1cia CE pod\u013ea noriem:<br \/>\nEN ISO 13688:2013\/A1:2021<br \/>\nEN ISO 20471:2013\/A1:2017<br \/>\nTrieda II<br \/>\n* Vysok\u00e1 vidite\u013enos\u0165.<\/p>","protected":false},"excerpt":{"rendered":"<p>High-visibility long trousers in fluor yellow. \u00b7 Adjustable elastic waistband at the back. \u00b7 Two front pockets. \u00b7 Functional back<\/p>","protected":false},"featured_media":32158,"comment_status":"open","ping_status":"closed","template":"","meta":[],"product_cat":[565,563],"product_tag":[],"class_list":{"0":"post-32157","1":"product","2":"type-product","3":"status-publish","4":"has-post-thumbnail","6":"product_cat-highvis","7":"product_cat-workwear","9":"first","10":"instock","11":"shipping-taxable","12":"purchasable","13":"product-type-variable"},"_links":{"self":[{"href":"https:\/\/www.promotio.sk\/sk\/wp-json\/wp\/v2\/product\/32157","targetHints":{"allow":["GET"]}}],"collection":[{"href":"https:\/\/www.promotio.sk\/sk\/wp-json\/wp\/v2\/product"}],"about":[{"href":"https:\/\/www.promotio.sk\/sk\/wp-json\/wp\/v2\/types\/product"}],"replies":[{"embeddable":true,"href":"https:\/\/www.promotio.sk\/sk\/wp-json\/wp\/v2\/comments?post=32157"}],"wp:featuredmedia":[{"embeddable":true,"href":"https:\/\/www.promotio.sk\/sk\/wp-json\/wp\/v2\/media\/32158"}],"wp:attachment":[{"href":"https:\/\/www.promotio.sk\/sk\/wp-json\/wp\/v2\/media?parent=32157"}],"wp:term":[{"taxonomy":"product_cat","embeddable":true,"href":"https:\/\/www.promotio.sk\/sk\/wp-json\/wp\/v2\/product_cat?post=32157"},{"taxonomy":"product_tag","embeddable":true,"href":"https:\/\/www.promotio.sk\/sk\/wp-json\/wp\/v2\/product_tag?post=32157"}],"curies":[{"name":"wp","href":"https:\/\/api.w.org\/{rel}","templated":true}]}}