{"id":32107,"date":"2024-03-12T14:07:34","date_gmt":"2024-03-12T13:07:34","guid":{"rendered":"https:\/\/www.promotio.sk\/shop\/nezaraden\u00e9\/daily-hv\/"},"modified":"2024-03-12T14:11:32","modified_gmt":"2024-03-12T13:11:32","slug":"daily-hv","status":"publish","type":"product","link":"https:\/\/www.promotio.sk\/sk\/shop\/promo-clothing\/workwear\/highvis\/daily-hv\/","title":{"rendered":"DENN\u00c9 HV"},"content":{"rendered":"<p>No\u010dn\u00e9 dlh\u00e9 nohavice s vysokou vidite\u013enos\u0165ou z odolnej l\u00e1tky.<br \/>\n\u00b7 Nastavite\u013en\u00fd elastick\u00fd p\u00e1s vzadu.<br \/>\n\u00b7 Dve predn\u00e9 vreck\u00e1.<br \/>\n\u00b7 Zadn\u00e9 funk\u010dn\u00e9 vrecko s chlop\u0148ou a zap\u00ednan\u00edm na such\u00fd zips.<br \/>\n\u00b7 Dve bo\u010dn\u00e9 vreck\u00e1 s chlop\u0148ou a zap\u00ednan\u00edm na such\u00fd zips.<br \/>\n\u00b7 Zosilnen\u00e1 vn\u00fatorn\u00e1 strana stehien.<br \/>\n\u00b7 Dvojit\u00e1 tkanina na chr\u00e1ni\u010doch kolien.<br \/>\n\u00b7 Dva horizont\u00e1lne p\u00e1sy s vysokou vidite\u013enos\u0165ou. <br \/>Zlo\u017eenie: 65% polyester \/ 35% bavlna, 240 gsm keper.<br \/>Pozn\u00e1mky: * Nov\u00fd pr\u00edrastok: zosilnen\u00e1 chrbtov\u00e1 vlo\u017eka.<br \/>\nCE certifikovan\u00e9 pod\u013ea:<br \/>\nEN ISO 13688:2013\/A1:2021<br \/>\nEN17353:2020<br \/>\nTrieda B2.<\/p>","protected":false},"excerpt":{"rendered":"<p>Night high-visibility long trousers in resistant fabric. \u00b7 Adjustable elastic waist at the back. \u00b7 Two front pockets. \u00b7 Back<\/p>","protected":false},"featured_media":32108,"comment_status":"open","ping_status":"closed","template":"","meta":[],"product_cat":[565,563],"product_tag":[],"class_list":{"0":"post-32107","1":"product","2":"type-product","3":"status-publish","4":"has-post-thumbnail","6":"product_cat-highvis","7":"product_cat-workwear","9":"first","10":"instock","11":"shipping-taxable","12":"purchasable","13":"product-type-variable"},"_links":{"self":[{"href":"https:\/\/www.promotio.sk\/sk\/wp-json\/wp\/v2\/product\/32107","targetHints":{"allow":["GET"]}}],"collection":[{"href":"https:\/\/www.promotio.sk\/sk\/wp-json\/wp\/v2\/product"}],"about":[{"href":"https:\/\/www.promotio.sk\/sk\/wp-json\/wp\/v2\/types\/product"}],"replies":[{"embeddable":true,"href":"https:\/\/www.promotio.sk\/sk\/wp-json\/wp\/v2\/comments?post=32107"}],"wp:featuredmedia":[{"embeddable":true,"href":"https:\/\/www.promotio.sk\/sk\/wp-json\/wp\/v2\/media\/32108"}],"wp:attachment":[{"href":"https:\/\/www.promotio.sk\/sk\/wp-json\/wp\/v2\/media?parent=32107"}],"wp:term":[{"taxonomy":"product_cat","embeddable":true,"href":"https:\/\/www.promotio.sk\/sk\/wp-json\/wp\/v2\/product_cat?post=32107"},{"taxonomy":"product_tag","embeddable":true,"href":"https:\/\/www.promotio.sk\/sk\/wp-json\/wp\/v2\/product_tag?post=32107"}],"curies":[{"name":"wp","href":"https:\/\/api.w.org\/{rel}","templated":true}]}}