{"id":32058,"date":"2024-03-12T14:03:16","date_gmt":"2024-03-12T13:03:16","guid":{"rendered":"https:\/\/www.promotio.sk\/shop\/nezaraden\u00e9\/polaris-l-s\/"},"modified":"2024-03-12T14:07:30","modified_gmt":"2024-03-12T13:07:30","slug":"polaris-l-s","status":"publish","type":"product","link":"https:\/\/www.promotio.sk\/sk\/shop\/promo-clothing\/workwear\/highvis\/polaris-l-s\/","title":{"rendered":"POLARIS L\/S"},"content":{"rendered":"<p>Technick\u00e1 vysoko vidite\u013en\u00e1 poloko\u0161e\u013ea s dlh\u00fdm ruk\u00e1vom.<br \/>\n\u00b7 1\u00d71 rebrovan\u00fd golier a man\u017eety.<br \/>\n\u00b7 3-gomb\u00edkov\u00e1 l\u00e9ga.<br \/>\n. Dva reflexn\u00e9 p\u00e1siky na ruk\u00e1voch, hrudi a chrbte.<br \/>\n\u00b7 Tkanina proti zachyteniu a \u013eahko schn\u00faca.<br \/>Zlo\u017eenie: 100% polyester pik\u00e9, 170 g\/m2.<br \/>Pozn\u00e1mky: *Volite\u013en\u00e9 vrecko.<br \/>\nZhoda CE pod\u013ea nasleduj\u00facich noriem:<br \/>\nEN ISO 13688:2013\/A1:2021<br \/>\nEN ISO 20471:2013\/A1:2017.<br \/>\nTrieda II.<br \/>\n* Odn\u00edmate\u013en\u00fd \u0161t\u00edtok.<br \/>\n* Vysok\u00e1 vidite\u013enos\u0165.<\/p>","protected":false},"excerpt":{"rendered":"<p>Technical high-visibility long-sleeve polo shirt. \u00b7 1&#215;1 ribbed collar and cuffs. \u00b7 3-button placket. . Two reflective strips on sleeves,<\/p>","protected":false},"featured_media":32059,"comment_status":"open","ping_status":"closed","template":"","meta":[],"product_cat":[565,563],"product_tag":[],"class_list":{"0":"post-32058","1":"product","2":"type-product","3":"status-publish","4":"has-post-thumbnail","6":"product_cat-highvis","7":"product_cat-workwear","9":"first","10":"instock","11":"shipping-taxable","12":"purchasable","13":"product-type-variable"},"_links":{"self":[{"href":"https:\/\/www.promotio.sk\/sk\/wp-json\/wp\/v2\/product\/32058","targetHints":{"allow":["GET"]}}],"collection":[{"href":"https:\/\/www.promotio.sk\/sk\/wp-json\/wp\/v2\/product"}],"about":[{"href":"https:\/\/www.promotio.sk\/sk\/wp-json\/wp\/v2\/types\/product"}],"replies":[{"embeddable":true,"href":"https:\/\/www.promotio.sk\/sk\/wp-json\/wp\/v2\/comments?post=32058"}],"wp:featuredmedia":[{"embeddable":true,"href":"https:\/\/www.promotio.sk\/sk\/wp-json\/wp\/v2\/media\/32059"}],"wp:attachment":[{"href":"https:\/\/www.promotio.sk\/sk\/wp-json\/wp\/v2\/media?parent=32058"}],"wp:term":[{"taxonomy":"product_cat","embeddable":true,"href":"https:\/\/www.promotio.sk\/sk\/wp-json\/wp\/v2\/product_cat?post=32058"},{"taxonomy":"product_tag","embeddable":true,"href":"https:\/\/www.promotio.sk\/sk\/wp-json\/wp\/v2\/product_tag?post=32058"}],"curies":[{"name":"wp","href":"https:\/\/api.w.org\/{rel}","templated":true}]}}