{"id":32006,"date":"2024-03-12T13:58:23","date_gmt":"2024-03-12T12:58:23","guid":{"rendered":"https:\/\/www.promotio.sk\/shop\/nezaraden\u00e9\/altair\/"},"modified":"2024-03-12T14:03:13","modified_gmt":"2024-03-12T13:03:13","slug":"altair","status":"publish","type":"product","link":"https:\/\/www.promotio.sk\/sk\/shop\/promo-clothing\/workwear\/highvis\/altair\/","title":{"rendered":"ALTAIR"},"content":{"rendered":"<p>Vysoko vidite\u013en\u00e1 fleecov\u00e1 bunda.<br \/>\n\u00b7 Predn\u00fd zips s chr\u00e1ni\u010dom brady.<br \/>\n\u00b7 Dva horizont\u00e1lne reflexn\u00e9 p\u00e1sy na hrudi a ruk\u00e1voch.<br \/>\n\u00b7 Dve predn\u00e9 vreck\u00e1 so zodpovedaj\u00facim zipsom a jedno n\u00e1prsn\u00e9 vrecko.<br \/>\n\u00b7 Elastick\u00e9 man\u017eety a nastavovacie prvky vo vn\u00fatri lemu.<br \/>Zlo\u017eenie: 100% polyester, fleece, 300 gsm.<br \/>Pozn\u00e1mky: Zhoda CE pod\u013ea noriem:<br \/>\nEN ISO 13688:2013\/A1:2021<br \/>\nEN ISO 20471:2013\/A1:2017.<br \/>\nTrieda II.<br \/>\n* Vysok\u00e1 vidite\u013enos\u0165.<br \/>\n*Vetruodoln\u00fd model.<\/p>","protected":false},"excerpt":{"rendered":"<p>High-visibility fleece jacket. \u00b7 Front zip with chin protector. \u00b7 Two horizontal reflective strips on chest and sleeves. \u00b7 Two<\/p>","protected":false},"featured_media":32007,"comment_status":"open","ping_status":"closed","template":"","meta":[],"product_cat":[565,563],"product_tag":[],"class_list":{"0":"post-32006","1":"product","2":"type-product","3":"status-publish","4":"has-post-thumbnail","6":"product_cat-highvis","7":"product_cat-workwear","9":"first","10":"instock","11":"shipping-taxable","12":"purchasable","13":"product-type-variable"},"_links":{"self":[{"href":"https:\/\/www.promotio.sk\/sk\/wp-json\/wp\/v2\/product\/32006","targetHints":{"allow":["GET"]}}],"collection":[{"href":"https:\/\/www.promotio.sk\/sk\/wp-json\/wp\/v2\/product"}],"about":[{"href":"https:\/\/www.promotio.sk\/sk\/wp-json\/wp\/v2\/types\/product"}],"replies":[{"embeddable":true,"href":"https:\/\/www.promotio.sk\/sk\/wp-json\/wp\/v2\/comments?post=32006"}],"wp:featuredmedia":[{"embeddable":true,"href":"https:\/\/www.promotio.sk\/sk\/wp-json\/wp\/v2\/media\/32007"}],"wp:attachment":[{"href":"https:\/\/www.promotio.sk\/sk\/wp-json\/wp\/v2\/media?parent=32006"}],"wp:term":[{"taxonomy":"product_cat","embeddable":true,"href":"https:\/\/www.promotio.sk\/sk\/wp-json\/wp\/v2\/product_cat?post=32006"},{"taxonomy":"product_tag","embeddable":true,"href":"https:\/\/www.promotio.sk\/sk\/wp-json\/wp\/v2\/product_tag?post=32006"}],"curies":[{"name":"wp","href":"https:\/\/api.w.org\/{rel}","templated":true}]}}