{"id":31965,"date":"2024-03-12T13:55:12","date_gmt":"2024-03-12T12:55:12","guid":{"rendered":"https:\/\/www.promotio.sk\/shop\/nezaraden\u00e9\/epsylon\/"},"modified":"2024-03-12T13:58:20","modified_gmt":"2024-03-12T12:58:20","slug":"epsylon","status":"publish","type":"product","link":"https:\/\/www.promotio.sk\/sk\/shop\/promo-clothing\/workwear\/highvis\/epsylon\/","title":{"rendered":"EPSYLON"},"content":{"rendered":"<p>Vysoko vidite\u013en\u00e1 parka kombinovan\u00e1 v dvoch farb\u00e1ch. Odoln\u00e9 vo\u010di vode a vetru.<br \/>\n\u00b7 Dva reflexn\u00e9 pr\u00fa\u017eky na tele a ruk\u00e1voch.<br \/>\n\u00b7 Skladacia kapuc\u0148a s fluorov\u00fdm rebrom a nastavite\u013enou \u0161n\u00farkou.<br \/>\n\u00b7 Vrecko na hrudi so zipsom.<br \/>\n\u00b7 Dve mierne naklonen\u00e9 a \u013eahko pr\u00edstupn\u00e9 predn\u00e9 vreck\u00e1.<br \/>\n\u00b7 Elastick\u00fd p\u00e1sik na leme.<br \/>\n\u00b7 Nastavite\u013en\u00e9 man\u017eety s elastick\u00fdmi a such\u00fdmi zipsami.<br \/>\n\u00b7 Centr\u00e1lna l\u00e9ga so zap\u00ednan\u00edm na such\u00fd zips a centr\u00e1lny fluorovan\u00fd zips s \u0165ah\u00e1\u010dikom.<br \/>\n\u00b7 Vn\u00fatorn\u00fd zips s jednoduch\u00fdm pr\u00edstupom pre sie\u0165otla\u010d.<br \/>\n\u00b7 Odn\u00edmate\u013en\u00e9 ruk\u00e1vy.<br \/>Zlo\u017eenie: Pl\u00e1\u0161\u0165: 100% vodeodoln\u00fd polyester.<br \/>\nPod\u0161\u00edvka: 100% polyester<br \/>\nV\u00fdpl\u0148: 100% polyester.<br \/>\n400 gsm.<br \/>Pozn\u00e1mky: Certifik\u00e1cia CE pod\u013ea noriem:<br \/>\nEN ISO 13688:2013\/A1:2021<br \/>\nEN ISO 20471:2013\/A1:2017.<br \/>\nTrieda II<br \/>\n* Vysok\u00e1 vidite\u013enos\u0165.<br \/>\n* Odoln\u00fd vo\u010di vode.<br \/>\n*Vetruvzdorn\u00e9.<\/p>","protected":false},"excerpt":{"rendered":"<p>High-visibility parka combined in two colours. Water and wind-proof. \u00b7 Two reflective strips on body and sleeves. \u00b7 Foldable hood<\/p>","protected":false},"featured_media":31966,"comment_status":"open","ping_status":"closed","template":"","meta":[],"product_cat":[565,563],"product_tag":[],"class_list":{"0":"post-31965","1":"product","2":"type-product","3":"status-publish","4":"has-post-thumbnail","6":"product_cat-highvis","7":"product_cat-workwear","9":"first","10":"instock","11":"shipping-taxable","12":"purchasable","13":"product-type-variable"},"_links":{"self":[{"href":"https:\/\/www.promotio.sk\/sk\/wp-json\/wp\/v2\/product\/31965","targetHints":{"allow":["GET"]}}],"collection":[{"href":"https:\/\/www.promotio.sk\/sk\/wp-json\/wp\/v2\/product"}],"about":[{"href":"https:\/\/www.promotio.sk\/sk\/wp-json\/wp\/v2\/types\/product"}],"replies":[{"embeddable":true,"href":"https:\/\/www.promotio.sk\/sk\/wp-json\/wp\/v2\/comments?post=31965"}],"wp:featuredmedia":[{"embeddable":true,"href":"https:\/\/www.promotio.sk\/sk\/wp-json\/wp\/v2\/media\/31966"}],"wp:attachment":[{"href":"https:\/\/www.promotio.sk\/sk\/wp-json\/wp\/v2\/media?parent=31965"}],"wp:term":[{"taxonomy":"product_cat","embeddable":true,"href":"https:\/\/www.promotio.sk\/sk\/wp-json\/wp\/v2\/product_cat?post=31965"},{"taxonomy":"product_tag","embeddable":true,"href":"https:\/\/www.promotio.sk\/sk\/wp-json\/wp\/v2\/product_tag?post=31965"}],"curies":[{"name":"wp","href":"https:\/\/api.w.org\/{rel}","templated":true}]}}