{"id":31924,"date":"2024-03-12T13:51:19","date_gmt":"2024-03-12T12:51:19","guid":{"rendered":"https:\/\/www.promotio.sk\/shop\/nezaraden\u00e9\/antares\/"},"modified":"2024-03-12T13:55:05","modified_gmt":"2024-03-12T12:55:05","slug":"antares","status":"publish","type":"product","link":"https:\/\/www.promotio.sk\/sk\/shop\/promo-clothing\/workwear\/highvis\/antares\/","title":{"rendered":"ANTARES"},"content":{"rendered":"<p>Dvojfarebn\u00fd softshell s vysokou vidite\u013enos\u0165ou. Vodeodoln\u00e1 a m\u00e4kk\u00e1 vn\u00fatorn\u00e1 pod\u0161\u00edvka s vysokou tepelnou kapacitou.<br \/>\n\u00b7 Vysok\u00fd golier s predn\u00fdm obr\u00e1ten\u00fdm zipsom.<br \/>\n\u00b7 Dva reflexn\u00e9 pr\u00fa\u017eky na hrudi a ruk\u00e1voch.<br \/>\n. Tri vonkaj\u0161ie vreck\u00e1.<br \/>\n\u00b7 Elastick\u00fd p\u00e1sik vo vn\u00fatri lemu s nastavovac\u00edm s\u0165ahov\u00e1kom.<br \/>\n\u00b7 Such\u00e9 zipsy na man\u017eet\u00e1ch.<br \/>Zlo\u017eenie: Tri vrstvy. Pl\u00e1\u0161\u0165: 92% polyester \/ 8% elastan. Pod\u0161\u00edvka: 100% microfleece polyester, 320 gsm.<br \/>Pozn\u00e1mky: *Vysok\u00e1 vidite\u013enos\u0165.<br \/>\n*Vodoodoln\u00fd.<br \/>\n*Vetruvzdorn\u00e9.<\/p>\n<p>Zhoda CE pod\u013ea noriem:<br \/>\nEN ISO 13688:2013\/A1:2021<br \/>\nEN ISO 20471:2013\/A1:2017<br \/>\nTrieda II.<\/p>","protected":false},"excerpt":{"rendered":"<p>Two-colour high-visibility softshell. Waterproof and soft inner lining with high thermal capacity. \u00b7 High collar with front inverted zipper. \u00b7<\/p>","protected":false},"featured_media":31925,"comment_status":"open","ping_status":"closed","template":"","meta":[],"product_cat":[565,563],"product_tag":[],"class_list":{"0":"post-31924","1":"product","2":"type-product","3":"status-publish","4":"has-post-thumbnail","6":"product_cat-highvis","7":"product_cat-workwear","9":"first","10":"instock","11":"shipping-taxable","12":"purchasable","13":"product-type-variable"},"_links":{"self":[{"href":"https:\/\/www.promotio.sk\/sk\/wp-json\/wp\/v2\/product\/31924","targetHints":{"allow":["GET"]}}],"collection":[{"href":"https:\/\/www.promotio.sk\/sk\/wp-json\/wp\/v2\/product"}],"about":[{"href":"https:\/\/www.promotio.sk\/sk\/wp-json\/wp\/v2\/types\/product"}],"replies":[{"embeddable":true,"href":"https:\/\/www.promotio.sk\/sk\/wp-json\/wp\/v2\/comments?post=31924"}],"wp:featuredmedia":[{"embeddable":true,"href":"https:\/\/www.promotio.sk\/sk\/wp-json\/wp\/v2\/media\/31925"}],"wp:attachment":[{"href":"https:\/\/www.promotio.sk\/sk\/wp-json\/wp\/v2\/media?parent=31924"}],"wp:term":[{"taxonomy":"product_cat","embeddable":true,"href":"https:\/\/www.promotio.sk\/sk\/wp-json\/wp\/v2\/product_cat?post=31924"},{"taxonomy":"product_tag","embeddable":true,"href":"https:\/\/www.promotio.sk\/sk\/wp-json\/wp\/v2\/product_tag?post=31924"}],"curies":[{"name":"wp","href":"https:\/\/api.w.org\/{rel}","templated":true}]}}