{"id":31875,"date":"2024-03-12T13:47:22","date_gmt":"2024-03-12T12:47:22","guid":{"rendered":"https:\/\/www.promotio.sk\/shop\/nezaraden\u00e9\/polaris\/"},"modified":"2024-03-12T13:51:12","modified_gmt":"2024-03-12T12:51:12","slug":"polaris","status":"publish","type":"product","link":"https:\/\/www.promotio.sk\/sk\/shop\/promo-clothing\/workwear\/highvis\/polaris\/","title":{"rendered":"POLARIS"},"content":{"rendered":"<p>Technick\u00e1 vysoko vidite\u013en\u00e1 poloko\u0161e\u013ea s kr\u00e1tkym ruk\u00e1vom.<br \/>\n\u00b7 1\u00d71 rebrovan\u00fd golier.<br \/>\n\u00b7 3-gomb\u00edkov\u00e1 l\u00e9ga.<br \/>\n. Jeden reflexn\u00fd p\u00e1sik na ruk\u00e1voch a dva na hrudi a chrbte.<br \/>\n\u00b7 Tkanina proti zachyteniu a \u013eahko schn\u00faca.<br \/>Zlo\u017eenie: 100% polyester pik\u00e9, 170 g\/m2.<br \/>Pozn\u00e1mky: *Volite\u013en\u00e9 vrecko.<br \/>\nZhoda CE pod\u013ea nasleduj\u00facich noriem:<br \/>\nEN ISO 13688:2013\/A1:2021<br \/>\nEN ISO 20471:2013\/A1:2017.<br \/>\nI. trieda: 55221 \u2013 55223 \u2013 52221 \u2013 23221.<br \/>\nTrieda II: 221.<br \/>\n* Odn\u00edmate\u013en\u00fd \u0161t\u00edtok.<br \/>\n* Vysok\u00e1 vidite\u013enos\u0165.<\/p>","protected":false},"excerpt":{"rendered":"<p>Technical high-visibility short-sleeve polo shirt. \u00b7 1&#215;1 ribbed collar. \u00b7 3-button placket. . One reflective strip on sleeves and two<\/p>","protected":false},"featured_media":31876,"comment_status":"open","ping_status":"closed","template":"","meta":[],"product_cat":[565,563],"product_tag":[],"class_list":{"0":"post-31875","1":"product","2":"type-product","3":"status-publish","4":"has-post-thumbnail","6":"product_cat-highvis","7":"product_cat-workwear","9":"first","10":"instock","11":"shipping-taxable","12":"purchasable","13":"product-type-variable"},"_links":{"self":[{"href":"https:\/\/www.promotio.sk\/sk\/wp-json\/wp\/v2\/product\/31875","targetHints":{"allow":["GET"]}}],"collection":[{"href":"https:\/\/www.promotio.sk\/sk\/wp-json\/wp\/v2\/product"}],"about":[{"href":"https:\/\/www.promotio.sk\/sk\/wp-json\/wp\/v2\/types\/product"}],"replies":[{"embeddable":true,"href":"https:\/\/www.promotio.sk\/sk\/wp-json\/wp\/v2\/comments?post=31875"}],"wp:featuredmedia":[{"embeddable":true,"href":"https:\/\/www.promotio.sk\/sk\/wp-json\/wp\/v2\/media\/31876"}],"wp:attachment":[{"href":"https:\/\/www.promotio.sk\/sk\/wp-json\/wp\/v2\/media?parent=31875"}],"wp:term":[{"taxonomy":"product_cat","embeddable":true,"href":"https:\/\/www.promotio.sk\/sk\/wp-json\/wp\/v2\/product_cat?post=31875"},{"taxonomy":"product_tag","embeddable":true,"href":"https:\/\/www.promotio.sk\/sk\/wp-json\/wp\/v2\/product_tag?post=31875"}],"curies":[{"name":"wp","href":"https:\/\/api.w.org\/{rel}","templated":true}]}}