{"id":31749,"date":"2024-03-12T13:36:32","date_gmt":"2024-03-12T12:36:32","guid":{"rendered":"https:\/\/www.promotio.sk\/shop\/nezaraden\u00e9\/naos\/"},"modified":"2024-03-12T13:41:42","modified_gmt":"2024-03-12T12:41:42","slug":"naos","status":"publish","type":"product","link":"https:\/\/www.promotio.sk\/sk\/shop\/promo-clothing\/workwear\/highvis\/naos\/","title":{"rendered":"NAOS"},"content":{"rendered":"<p>Letn\u00e9 nohavice s vysokou vidite\u013enos\u0165ou s viacer\u00fdmi vreckami.<br \/>\n\u00b7 Elastick\u00fd p\u00e1s na chrbte.<br \/>\n\u00b7 Dve zadn\u00e9 vreck\u00e1 s chlop\u0148ou so zap\u00ednan\u00edm na such\u00fd zips.<br \/>\n\u00b7 Dve predn\u00e9 vreck\u00e1 a dve bo\u010dn\u00e9 vreck\u00e1 s klinom a chlop\u0148ou so zap\u00ednan\u00edm na such\u00fd zips.<br \/>\n\u00b7 Dvojfarebn\u00e1 kombin\u00e1cia s reflexn\u00fdmi horizont\u00e1lnymi p\u00e1sikmi.<br \/>Zlo\u017eenie: 80% polyester \/ 20% bavlna, 200 gsm keper.<br \/>Pozn\u00e1mky: *CE certifik\u00e1cia pod\u013ea noriem: EN ISO 13688:2013\/A1:2021 a EN ISO 20471:2013\/A1:2017.<br \/>\n* Trieda I.<br \/>\n* Vysok\u00e1 vidite\u013enos\u0165.<\/p>","protected":false},"excerpt":{"rendered":"<p>Multi-pocket high-visibility summer trousers. \u00b7 Elastic waistband on the back. \u00b7 Two back flap pockets with velcro fastening. \u00b7 Two<\/p>","protected":false},"featured_media":31750,"comment_status":"open","ping_status":"closed","template":"","meta":[],"product_cat":[565,563],"product_tag":[],"class_list":{"0":"post-31749","1":"product","2":"type-product","3":"status-publish","4":"has-post-thumbnail","6":"product_cat-highvis","7":"product_cat-workwear","9":"first","10":"instock","11":"shipping-taxable","12":"purchasable","13":"product-type-variable"},"_links":{"self":[{"href":"https:\/\/www.promotio.sk\/sk\/wp-json\/wp\/v2\/product\/31749","targetHints":{"allow":["GET"]}}],"collection":[{"href":"https:\/\/www.promotio.sk\/sk\/wp-json\/wp\/v2\/product"}],"about":[{"href":"https:\/\/www.promotio.sk\/sk\/wp-json\/wp\/v2\/types\/product"}],"replies":[{"embeddable":true,"href":"https:\/\/www.promotio.sk\/sk\/wp-json\/wp\/v2\/comments?post=31749"}],"wp:featuredmedia":[{"embeddable":true,"href":"https:\/\/www.promotio.sk\/sk\/wp-json\/wp\/v2\/media\/31750"}],"wp:attachment":[{"href":"https:\/\/www.promotio.sk\/sk\/wp-json\/wp\/v2\/media?parent=31749"}],"wp:term":[{"taxonomy":"product_cat","embeddable":true,"href":"https:\/\/www.promotio.sk\/sk\/wp-json\/wp\/v2\/product_cat?post=31749"},{"taxonomy":"product_tag","embeddable":true,"href":"https:\/\/www.promotio.sk\/sk\/wp-json\/wp\/v2\/product_tag?post=31749"}],"curies":[{"name":"wp","href":"https:\/\/api.w.org\/{rel}","templated":true}]}}