{"id":31718,"date":"2024-03-12T13:33:20","date_gmt":"2024-03-12T12:33:20","guid":{"rendered":"https:\/\/www.promotio.sk\/shop\/nezaraden\u00e9\/atala\/"},"modified":"2024-03-12T13:34:47","modified_gmt":"2024-03-12T12:34:47","slug":"atala","status":"publish","type":"product","link":"https:\/\/www.promotio.sk\/sk\/shop\/promo-clothing\/workwear\/food\/atala\/","title":{"rendered":"ATALA"},"content":{"rendered":"<p>\u010ciapka Mob s vylep\u0161en\u00fdm vzorom.<br \/>\n\u00b7 Sie\u0165ka na pokrytie vlasov a pevn\u00fd \u0161ilt.<br \/>\n\u00b7 Plisovan\u00e1 predn\u00e1 \u010das\u0165.<br \/>\n\u00b7 Priedu\u0161n\u00e1 a nastavite\u013en\u00e1 sie\u0165ovina s elastick\u00fdm zadn\u00fdm dielom.<br \/>Zlo\u017eenie: Vrchn\u00e1 l\u00e1tka: 65% polyester \/ 35% bavlna, 200 gsm.<br \/>\nSie\u0165ovina: 100% polyester, 70 g\/m2.<br \/>Pozn\u00e1mky: * Odn\u00edmate\u013en\u00fd \u0161t\u00edtok.<\/p>","protected":false},"excerpt":{"rendered":"<p>Mob-cap with improved pattern. \u00b7 Hair cover mesh and rigid peak. \u00b7 Pleated front. \u00b7 Breathable and adjustable mesh with<\/p>","protected":false},"featured_media":31719,"comment_status":"open","ping_status":"closed","template":"","meta":[],"product_cat":[567,563],"product_tag":[],"class_list":{"0":"post-31718","1":"product","2":"type-product","3":"status-publish","4":"has-post-thumbnail","6":"product_cat-food","7":"product_cat-workwear","9":"first","10":"instock","11":"shipping-taxable","12":"purchasable","13":"product-type-variable"},"_links":{"self":[{"href":"https:\/\/www.promotio.sk\/sk\/wp-json\/wp\/v2\/product\/31718","targetHints":{"allow":["GET"]}}],"collection":[{"href":"https:\/\/www.promotio.sk\/sk\/wp-json\/wp\/v2\/product"}],"about":[{"href":"https:\/\/www.promotio.sk\/sk\/wp-json\/wp\/v2\/types\/product"}],"replies":[{"embeddable":true,"href":"https:\/\/www.promotio.sk\/sk\/wp-json\/wp\/v2\/comments?post=31718"}],"wp:featuredmedia":[{"embeddable":true,"href":"https:\/\/www.promotio.sk\/sk\/wp-json\/wp\/v2\/media\/31719"}],"wp:attachment":[{"href":"https:\/\/www.promotio.sk\/sk\/wp-json\/wp\/v2\/media?parent=31718"}],"wp:term":[{"taxonomy":"product_cat","embeddable":true,"href":"https:\/\/www.promotio.sk\/sk\/wp-json\/wp\/v2\/product_cat?post=31718"},{"taxonomy":"product_tag","embeddable":true,"href":"https:\/\/www.promotio.sk\/sk\/wp-json\/wp\/v2\/product_tag?post=31718"}],"curies":[{"name":"wp","href":"https:\/\/api.w.org\/{rel}","templated":true}]}}