{"id":31677,"date":"2024-03-12T13:29:19","date_gmt":"2024-03-12T12:29:19","guid":{"rendered":"https:\/\/www.promotio.sk\/shop\/nezaraden\u00e9\/blazer\/"},"modified":"2024-03-12T13:30:56","modified_gmt":"2024-03-12T12:30:56","slug":"blazer","status":"publish","type":"product","link":"https:\/\/www.promotio.sk\/sk\/shop\/promo-clothing\/workwear\/fire_retardant\/blazer\/","title":{"rendered":"BLEJER"},"content":{"rendered":"<p>Rovn\u00fd overal z l\u00e1tky spoma\u013euj\u00facej horenie.<br \/>\n\u00b7 Predn\u00e1 l\u00e9ga so zap\u00ednan\u00edm na zips a such\u00fd zips.<br \/>\n\u00b7 \u013dav\u00e9 n\u00e1prsn\u00e9 vrecko s chlop\u0148ou a zap\u00ednan\u00edm na such\u00fd zips.<br \/>\n\u00b7 Dve bo\u010dn\u00e9 vreck\u00e1 s chlop\u0148ou a zap\u00ednan\u00edm na such\u00fd zips.<br \/>\n\u00b7 Jedno nariasen\u00e9 bo\u010dn\u00e9 vrecko s chlop\u0148ou a zap\u00ednan\u00edm na such\u00fd zips.<br \/>\n\u00b7 Nastavite\u013en\u00e9 man\u017eety.<br \/>\n\u00b7 Zadn\u00e9 vrecko s chlop\u0148ou a such\u00fdm zipsom.<br \/>Zlo\u017eenie: 98% bavlna \/ 2% uhl\u00edkov\u00e9 vl\u00e1kno, keper, 360 gsm.<br \/>Pozn\u00e1mky: * Ochrana pred teplom a plame\u0148om.<br \/>\n* Elektrostatick\u00e9 vlastnosti.<br \/>\n* Ochrana proti tepeln\u00fdm rizik\u00e1m elektrick\u00e9ho obl\u00faka.<br \/>\n* Ochrana pri zv\u00e1ran\u00ed a podobne.<\/p>\n<p>Zhoda CE pod\u013ea nasleduj\u00facich noriem:<br \/>\nUNE-EN ISO 13688:2013\/A1:2021<br \/>\nUNE-EN ISO 11611:2018: TRIEDA 2<br \/>\nUNE-EN ISO 11612:2018: A1, B1, C1, E3, F1.<br \/>\nUNE-EN 1149-5:2008<br \/>\nUNE-EN 61482-1-2:2015: APC =1<\/p>","protected":false},"excerpt":{"rendered":"<p>Straight overalls in fire retardant fabric. \u00b7 Front placket with zip and velcro fastening. \u00b7 Left chest pocket with flap<\/p>","protected":false},"featured_media":31678,"comment_status":"open","ping_status":"closed","template":"","meta":[],"product_cat":[569,563],"product_tag":[],"class_list":{"0":"post-31677","1":"product","2":"type-product","3":"status-publish","4":"has-post-thumbnail","6":"product_cat-fire_retardant","7":"product_cat-workwear","9":"first","10":"instock","11":"shipping-taxable","12":"purchasable","13":"product-type-variable"},"_links":{"self":[{"href":"https:\/\/www.promotio.sk\/sk\/wp-json\/wp\/v2\/product\/31677","targetHints":{"allow":["GET"]}}],"collection":[{"href":"https:\/\/www.promotio.sk\/sk\/wp-json\/wp\/v2\/product"}],"about":[{"href":"https:\/\/www.promotio.sk\/sk\/wp-json\/wp\/v2\/types\/product"}],"replies":[{"embeddable":true,"href":"https:\/\/www.promotio.sk\/sk\/wp-json\/wp\/v2\/comments?post=31677"}],"wp:featuredmedia":[{"embeddable":true,"href":"https:\/\/www.promotio.sk\/sk\/wp-json\/wp\/v2\/media\/31678"}],"wp:attachment":[{"href":"https:\/\/www.promotio.sk\/sk\/wp-json\/wp\/v2\/media?parent=31677"}],"wp:term":[{"taxonomy":"product_cat","embeddable":true,"href":"https:\/\/www.promotio.sk\/sk\/wp-json\/wp\/v2\/product_cat?post=31677"},{"taxonomy":"product_tag","embeddable":true,"href":"https:\/\/www.promotio.sk\/sk\/wp-json\/wp\/v2\/product_tag?post=31677"}],"curies":[{"name":"wp","href":"https:\/\/api.w.org\/{rel}","templated":true}]}}