{"id":31643,"date":"2024-03-12T13:26:08","date_gmt":"2024-03-12T12:26:08","guid":{"rendered":"https:\/\/www.promotio.sk\/shop\/nezaraden\u00e9\/santana\/"},"modified":"2024-03-12T13:27:36","modified_gmt":"2024-03-12T12:27:36","slug":"santana","status":"publish","type":"product","link":"https:\/\/www.promotio.sk\/sk\/shop\/promo-clothing\/workwear\/fire_retardant\/santana\/","title":{"rendered":"SANTANA"},"content":{"rendered":"<p>Poloko\u0161e\u013ea s dlh\u00fdm ruk\u00e1vom z nehor\u013eavej l\u00e1tky.<br \/>\n\u00b7 Golier a man\u017eety z rebrovanej l\u00e1tky 1\u00d71.<br \/>\n\u00b7 Zosilnen\u00e9 kryt\u00e9 \u0161vy v golieri.<br \/>\n\u00b7 Skryt\u00e1 l\u00e9ga s 3 gomb\u00edkmi.<br \/>\n\u00b7 Bo\u010dn\u00e9 rozparky na leme.<br \/>\n<br \/>Zlo\u017eenie: 60% modakryl \/ 37% bavlna \/ 3% uhl\u00edkov\u00e9 vl\u00e1kno, single Jersey, 220 g\/m2.<br \/>Pozn\u00e1mky: * Ochrana pred teplom a plame\u0148om.<br \/>\n* Elektrostatick\u00e9 vlastnosti.<br \/>\n* Ochrana proti tepeln\u00fdm rizik\u00e1m elektrick\u00e9ho obl\u00faka. <\/p>\n<p>Zhoda CE pod\u013ea nasleduj\u00facich noriem:<br \/>\nUNE-EN ISO 13688:2013\/A1:2021<br \/>\nUNE-EN ISO 11612:2018: A1, B1, C1, F1.<br \/>\nUNE-EN 1149-5:2008<br \/>\nUNE-EN 61482-1-2:2015: APC =1<\/p>","protected":false},"excerpt":{"rendered":"<p>Long-sleeve polo shirt in fire retardant fabric. \u00b7 Collar and cuffs in 1&#215;1 ribbed fabric. \u00b7 Reinforced covered seams in<\/p>","protected":false},"featured_media":31644,"comment_status":"open","ping_status":"closed","template":"","meta":[],"product_cat":[569,563],"product_tag":[],"class_list":{"0":"post-31643","1":"product","2":"type-product","3":"status-publish","4":"has-post-thumbnail","6":"product_cat-fire_retardant","7":"product_cat-workwear","9":"first","10":"instock","11":"shipping-taxable","12":"purchasable","13":"product-type-variable"},"_links":{"self":[{"href":"https:\/\/www.promotio.sk\/sk\/wp-json\/wp\/v2\/product\/31643","targetHints":{"allow":["GET"]}}],"collection":[{"href":"https:\/\/www.promotio.sk\/sk\/wp-json\/wp\/v2\/product"}],"about":[{"href":"https:\/\/www.promotio.sk\/sk\/wp-json\/wp\/v2\/types\/product"}],"replies":[{"embeddable":true,"href":"https:\/\/www.promotio.sk\/sk\/wp-json\/wp\/v2\/comments?post=31643"}],"wp:featuredmedia":[{"embeddable":true,"href":"https:\/\/www.promotio.sk\/sk\/wp-json\/wp\/v2\/media\/31644"}],"wp:attachment":[{"href":"https:\/\/www.promotio.sk\/sk\/wp-json\/wp\/v2\/media?parent=31643"}],"wp:term":[{"taxonomy":"product_cat","embeddable":true,"href":"https:\/\/www.promotio.sk\/sk\/wp-json\/wp\/v2\/product_cat?post=31643"},{"taxonomy":"product_tag","embeddable":true,"href":"https:\/\/www.promotio.sk\/sk\/wp-json\/wp\/v2\/product_tag?post=31643"}],"curies":[{"name":"wp","href":"https:\/\/api.w.org\/{rel}","templated":true}]}}