{"id":31603,"date":"2024-03-12T13:22:44","date_gmt":"2024-03-12T12:22:44","guid":{"rendered":"https:\/\/www.promotio.sk\/shop\/nezaraden\u00e9\/ranger\/"},"modified":"2024-03-12T13:24:43","modified_gmt":"2024-03-12T12:24:43","slug":"ranger","status":"publish","type":"product","link":"https:\/\/www.promotio.sk\/sk\/shop\/promo-clothing\/workwear\/fire_retardant\/ranger\/","title":{"rendered":"RANGER"},"content":{"rendered":"<p>Dlh\u00e9 nohavice z nehor\u013eavej l\u00e1tky.<br \/>\n\u00b7 Zadn\u00fd nastavite\u013en\u00fd p\u00e1s.<br \/>\n\u00b7 Dve predn\u00e9 vreck\u00e1.<br \/>\n\u00b7 Zadn\u00e9 vrecko s chlop\u0148ou a zap\u00ednan\u00edm na such\u00fd zips.<br \/>\n\u00b7 Bo\u010dn\u00e9 vreck\u00e1 s chlop\u0148ou a zap\u00ednan\u00edm na such\u00fd zips.<br \/>Zlo\u017eenie: 98% bavlna \/ 2% uhl\u00edkov\u00e9 vl\u00e1kno, keper, 360 gsm.<br \/>Pozn\u00e1mky: * Ochrana pred teplom a plame\u0148om.<br \/>\n* Elektrostatick\u00fd.<br \/>\n* Ochrana pred tepeln\u00fdmi rizikami elektrick\u00e9ho obl\u00faka.<br \/>\n* Ochrana pri zv\u00e1ran\u00ed.<\/p>\n<p>* Zhoda CE pod\u013ea nasleduj\u00facich noriem:<br \/>\nEN ISO 13688:2013\/A1:2021<br \/>\nEN ISO 11611:2018: 2. TRIEDA<br \/>\nEN ISO 11612:2018: A1, B1, C1, E3, F1.<br \/>\nEN 1149-5:2008<br \/>\nEN 61482-1-2:2015: APC =1<\/p>","protected":false},"excerpt":{"rendered":"<p>Long trousers in fire retardant fabric. \u00b7 Back adjustable waistband. \u00b7 Two front pockets. \u00b7 Back pocket with flap and<\/p>","protected":false},"featured_media":31604,"comment_status":"open","ping_status":"closed","template":"","meta":[],"product_cat":[569,563],"product_tag":[],"class_list":{"0":"post-31603","1":"product","2":"type-product","3":"status-publish","4":"has-post-thumbnail","6":"product_cat-fire_retardant","7":"product_cat-workwear","9":"first","10":"instock","11":"shipping-taxable","12":"purchasable","13":"product-type-variable"},"_links":{"self":[{"href":"https:\/\/www.promotio.sk\/sk\/wp-json\/wp\/v2\/product\/31603","targetHints":{"allow":["GET"]}}],"collection":[{"href":"https:\/\/www.promotio.sk\/sk\/wp-json\/wp\/v2\/product"}],"about":[{"href":"https:\/\/www.promotio.sk\/sk\/wp-json\/wp\/v2\/types\/product"}],"replies":[{"embeddable":true,"href":"https:\/\/www.promotio.sk\/sk\/wp-json\/wp\/v2\/comments?post=31603"}],"wp:featuredmedia":[{"embeddable":true,"href":"https:\/\/www.promotio.sk\/sk\/wp-json\/wp\/v2\/media\/31604"}],"wp:attachment":[{"href":"https:\/\/www.promotio.sk\/sk\/wp-json\/wp\/v2\/media?parent=31603"}],"wp:term":[{"taxonomy":"product_cat","embeddable":true,"href":"https:\/\/www.promotio.sk\/sk\/wp-json\/wp\/v2\/product_cat?post=31603"},{"taxonomy":"product_tag","embeddable":true,"href":"https:\/\/www.promotio.sk\/sk\/wp-json\/wp\/v2\/product_tag?post=31603"}],"curies":[{"name":"wp","href":"https:\/\/api.w.org\/{rel}","templated":true}]}}