{"id":31577,"date":"2024-03-12T13:17:29","date_gmt":"2024-03-12T12:17:29","guid":{"rendered":"https:\/\/www.promotio.sk\/shop\/nezaraden\u00e9\/bost\/"},"modified":"2024-03-12T13:22:40","modified_gmt":"2024-03-12T12:22:40","slug":"bost","status":"publish","type":"product","link":"https:\/\/www.promotio.sk\/sk\/shop\/promo-clothing\/workwear\/horeca\/bost\/","title":{"rendered":"BOST"},"content":{"rendered":"<p>Dlh\u00e1 keprov\u00e1 z\u00e1stera z recyklovan\u00e9ho polyesteru a bavlny.<br \/>\n\u00b7 Remienok na krk s nastavite\u013en\u00fdm zap\u00ednan\u00edm.<br \/>\n\u00b7 Bo\u010dn\u00e9 popruhy.<br \/>\n\u00b7 Dve predn\u00e9 vreck\u00e1.<br \/>Zlo\u017eenie: 65% recyklovan\u00fd polyester \/ 35% recyklovan\u00e1 bavlna, 250 gsm.<br \/>\n<br \/>Pozn\u00e1mky: * Odn\u00edmate\u013en\u00fd \u0161t\u00edtok<br \/>\n* Jedna ve\u013ekos\u0165<br \/><img decoding=\"async\" src=\"https:\/\/static.gorfactory.es\/pics\/measures\/DE_HO.jpg\"><\/p>","protected":false},"excerpt":{"rendered":"<p>Long twill apron in recycled polyester and cotton. \u00b7 Neck strap with adjustable fastening. \u00b7 Side tie-straps. \u00b7 Two front<\/p>","protected":false},"featured_media":31578,"comment_status":"open","ping_status":"closed","template":"","meta":[],"product_cat":[564,563],"product_tag":[],"class_list":{"0":"post-31577","1":"product","2":"type-product","3":"status-publish","4":"has-post-thumbnail","6":"product_cat-horeca","7":"product_cat-workwear","9":"first","10":"instock","11":"shipping-taxable","12":"purchasable","13":"product-type-variable"},"_links":{"self":[{"href":"https:\/\/www.promotio.sk\/sk\/wp-json\/wp\/v2\/product\/31577","targetHints":{"allow":["GET"]}}],"collection":[{"href":"https:\/\/www.promotio.sk\/sk\/wp-json\/wp\/v2\/product"}],"about":[{"href":"https:\/\/www.promotio.sk\/sk\/wp-json\/wp\/v2\/types\/product"}],"replies":[{"embeddable":true,"href":"https:\/\/www.promotio.sk\/sk\/wp-json\/wp\/v2\/comments?post=31577"}],"wp:featuredmedia":[{"embeddable":true,"href":"https:\/\/www.promotio.sk\/sk\/wp-json\/wp\/v2\/media\/31578"}],"wp:attachment":[{"href":"https:\/\/www.promotio.sk\/sk\/wp-json\/wp\/v2\/media?parent=31577"}],"wp:term":[{"taxonomy":"product_cat","embeddable":true,"href":"https:\/\/www.promotio.sk\/sk\/wp-json\/wp\/v2\/product_cat?post=31577"},{"taxonomy":"product_tag","embeddable":true,"href":"https:\/\/www.promotio.sk\/sk\/wp-json\/wp\/v2\/product_tag?post=31577"}],"curies":[{"name":"wp","href":"https:\/\/api.w.org\/{rel}","templated":true}]}}