{"id":31557,"date":"2024-03-12T13:15:06","date_gmt":"2024-03-12T12:15:06","guid":{"rendered":"https:\/\/www.promotio.sk\/shop\/nezaraden\u00e9\/batali\/"},"modified":"2024-03-12T13:16:10","modified_gmt":"2024-03-12T12:16:10","slug":"batali","status":"publish","type":"product","link":"https:\/\/www.promotio.sk\/sk\/shop\/promo-clothing\/workwear\/horeca\/batali\/","title":{"rendered":"BATALI"},"content":{"rendered":"<p>Dlh\u00e1 z\u00e1stera z d\u017e\u00ednsoviny:<br \/>\n\u00b7 Kontrastn\u00fd remienok na krk, nastavite\u013en\u00fd v troch poloh\u00e1ch pomocou kovov\u00e9ho gomb\u00edka.<br \/>\n\u00b7 Kontrastn\u00e9 bo\u010dn\u00e9 zav\u00e4zovacie remienky.<br \/>\n\u00b7 N\u00e1prsn\u00e9 vrecko.<br \/>\n\u00b7 \u0160tyri predn\u00e9 vreck\u00e1 s nitmi, jedno z nich na per\u00e1.<\/p>\n<p>Zlo\u017eenie: 100% bavlna, 250 gsm.<br \/>Pozn\u00e1mky: * Model pre potravin\u00e1rsky sektor.<br \/>\n* Odn\u00edmate\u013en\u00fd \u0161t\u00edtok.<br \/>\n* Rozmery z\u00e1stery: 98 x 92 cm.<br \/>\n* Rozmery vrecka: 40 x 20,5 cm.<br \/><img decoding=\"async\" src=\"https:\/\/static.gorfactory.es\/pics\/measures\/DE_HO.jpg\"><\/p>","protected":false},"excerpt":{"rendered":"<p>Long apron in denim fabric: \u00b7 Contrasting neck strap, adjustable in three positions by metal button. \u00b7 Contrasting side tie-straps.<\/p>","protected":false},"featured_media":31558,"comment_status":"open","ping_status":"closed","template":"","meta":[],"product_cat":[564,563],"product_tag":[],"class_list":{"0":"post-31557","1":"product","2":"type-product","3":"status-publish","4":"has-post-thumbnail","6":"product_cat-horeca","7":"product_cat-workwear","9":"first","10":"instock","11":"shipping-taxable","12":"purchasable","13":"product-type-variable"},"_links":{"self":[{"href":"https:\/\/www.promotio.sk\/sk\/wp-json\/wp\/v2\/product\/31557","targetHints":{"allow":["GET"]}}],"collection":[{"href":"https:\/\/www.promotio.sk\/sk\/wp-json\/wp\/v2\/product"}],"about":[{"href":"https:\/\/www.promotio.sk\/sk\/wp-json\/wp\/v2\/types\/product"}],"replies":[{"embeddable":true,"href":"https:\/\/www.promotio.sk\/sk\/wp-json\/wp\/v2\/comments?post=31557"}],"wp:featuredmedia":[{"embeddable":true,"href":"https:\/\/www.promotio.sk\/sk\/wp-json\/wp\/v2\/media\/31558"}],"wp:attachment":[{"href":"https:\/\/www.promotio.sk\/sk\/wp-json\/wp\/v2\/media?parent=31557"}],"wp:term":[{"taxonomy":"product_cat","embeddable":true,"href":"https:\/\/www.promotio.sk\/sk\/wp-json\/wp\/v2\/product_cat?post=31557"},{"taxonomy":"product_tag","embeddable":true,"href":"https:\/\/www.promotio.sk\/sk\/wp-json\/wp\/v2\/product_tag?post=31557"}],"curies":[{"name":"wp","href":"https:\/\/api.w.org\/{rel}","templated":true}]}}