{"id":31526,"date":"2024-03-12T13:12:13","date_gmt":"2024-03-12T12:12:13","guid":{"rendered":"https:\/\/www.promotio.sk\/shop\/nezaraden\u00e9\/mini\/"},"modified":"2024-03-12T13:13:03","modified_gmt":"2024-03-12T12:13:03","slug":"mini","status":"publish","type":"product","link":"https:\/\/www.promotio.sk\/sk\/shop\/promo-clothing\/workwear\/horeca\/mini\/","title":{"rendered":"MINI"},"content":{"rendered":"<p>Kr\u00e1tka z\u00e1stera z keprovej l\u00e1tky.<br \/>\n\u00b7 Zodpovedaj\u00face bo\u010dn\u00e9 zav\u00e4zovacie popruhy.<br \/>\n\u00b7 Dve predn\u00e9 vreck\u00e1.<br \/>\n\u00b7 Rozmery: 45 cm x 30 cm.<br \/>Zlo\u017eenie: 80% polyester \/ 20% bavlna, 220 gsm keper. <br \/>Pozn\u00e1mky: *Odn\u00edmate\u013en\u00fd \u0161t\u00edtok.<br \/>\n*Potravin\u00e1rsky priemysel.<br \/>\n* Rozmery z\u00e1stery: 45 cm x 30 cm.<br \/>\n*Rozmery vrecka: 45 x 21 cm.<br \/><img decoding=\"async\" src=\"https:\/\/static.gorfactory.es\/pics\/measures\/DE9124.jpg\"><\/p>","protected":false},"excerpt":{"rendered":"<p>Short apron in twill fabric. \u00b7 Matching side tie-straps. \u00b7 Two front pockets. \u00b7 Measures: 45 cm x 30 cm.Composition:<\/p>","protected":false},"featured_media":31527,"comment_status":"open","ping_status":"closed","template":"","meta":[],"product_cat":[564,563],"product_tag":[],"class_list":{"0":"post-31526","1":"product","2":"type-product","3":"status-publish","4":"has-post-thumbnail","6":"product_cat-horeca","7":"product_cat-workwear","9":"first","10":"instock","11":"shipping-taxable","12":"purchasable","13":"product-type-variable"},"_links":{"self":[{"href":"https:\/\/www.promotio.sk\/sk\/wp-json\/wp\/v2\/product\/31526","targetHints":{"allow":["GET"]}}],"collection":[{"href":"https:\/\/www.promotio.sk\/sk\/wp-json\/wp\/v2\/product"}],"about":[{"href":"https:\/\/www.promotio.sk\/sk\/wp-json\/wp\/v2\/types\/product"}],"replies":[{"embeddable":true,"href":"https:\/\/www.promotio.sk\/sk\/wp-json\/wp\/v2\/comments?post=31526"}],"wp:featuredmedia":[{"embeddable":true,"href":"https:\/\/www.promotio.sk\/sk\/wp-json\/wp\/v2\/media\/31527"}],"wp:attachment":[{"href":"https:\/\/www.promotio.sk\/sk\/wp-json\/wp\/v2\/media?parent=31526"}],"wp:term":[{"taxonomy":"product_cat","embeddable":true,"href":"https:\/\/www.promotio.sk\/sk\/wp-json\/wp\/v2\/product_cat?post=31526"},{"taxonomy":"product_tag","embeddable":true,"href":"https:\/\/www.promotio.sk\/sk\/wp-json\/wp\/v2\/product_tag?post=31526"}],"curies":[{"name":"wp","href":"https:\/\/api.w.org\/{rel}","templated":true}]}}