{"id":31472,"date":"2024-03-12T13:07:42","date_gmt":"2024-03-12T12:07:42","guid":{"rendered":"https:\/\/www.promotio.sk\/shop\/nezaraden\u00e9\/aldany\/"},"modified":"2024-03-12T13:11:12","modified_gmt":"2024-03-12T12:11:12","slug":"aldany","status":"publish","type":"product","link":"https:\/\/www.promotio.sk\/sk\/shop\/promo-clothing\/workwear\/san_est\/aldany\/","title":{"rendered":"ALDANY"},"content":{"rendered":"<p>\u010cistiaca vesta bez ruk\u00e1vov.<br \/>\n\u00b7 Mandar\u00ednkov\u00fd golier,<br \/>\n\u00b7 Predn\u00e9 zap\u00ednanie na skryt\u00e9 cvo\u010dky.<br \/>\n. bo\u010dn\u00e9 panely a z\u00e1hyby na hrudi.<br \/>\n\u00b7 Dve predn\u00e9 na\u0161it\u00e9 vreck\u00e1.<br \/>Zlo\u017eenie: 100% polyester, 130 gsm.<br \/><img decoding=\"async\" src=\"https:\/\/static.gorfactory.es\/pics\/measures\/DE_MU.jpg\"><\/p>","protected":false},"excerpt":{"rendered":"<p>Sleeveless scrub vest. \u00b7 Mandarin collar, \u00b7 Front fastening with concealed press studs. . side panels and pleats on chest.<\/p>","protected":false},"featured_media":31473,"comment_status":"open","ping_status":"closed","template":"","meta":[],"product_cat":[568,563],"product_tag":[],"class_list":{"0":"post-31472","1":"product","2":"type-product","3":"status-publish","4":"has-post-thumbnail","6":"product_cat-san_est","7":"product_cat-workwear","9":"first","10":"instock","11":"shipping-taxable","12":"purchasable","13":"product-type-variable"},"_links":{"self":[{"href":"https:\/\/www.promotio.sk\/sk\/wp-json\/wp\/v2\/product\/31472","targetHints":{"allow":["GET"]}}],"collection":[{"href":"https:\/\/www.promotio.sk\/sk\/wp-json\/wp\/v2\/product"}],"about":[{"href":"https:\/\/www.promotio.sk\/sk\/wp-json\/wp\/v2\/types\/product"}],"replies":[{"embeddable":true,"href":"https:\/\/www.promotio.sk\/sk\/wp-json\/wp\/v2\/comments?post=31472"}],"wp:featuredmedia":[{"embeddable":true,"href":"https:\/\/www.promotio.sk\/sk\/wp-json\/wp\/v2\/media\/31473"}],"wp:attachment":[{"href":"https:\/\/www.promotio.sk\/sk\/wp-json\/wp\/v2\/media?parent=31472"}],"wp:term":[{"taxonomy":"product_cat","embeddable":true,"href":"https:\/\/www.promotio.sk\/sk\/wp-json\/wp\/v2\/product_cat?post=31472"},{"taxonomy":"product_tag","embeddable":true,"href":"https:\/\/www.promotio.sk\/sk\/wp-json\/wp\/v2\/product_tag?post=31472"}],"curies":[{"name":"wp","href":"https:\/\/api.w.org\/{rel}","templated":true}]}}