{"id":31409,"date":"2024-03-12T13:02:05","date_gmt":"2024-03-12T12:02:05","guid":{"rendered":"https:\/\/www.promotio.sk\/shop\/nezaraden\u00e9\/armada\/"},"modified":"2024-03-12T13:04:41","modified_gmt":"2024-03-12T12:04:41","slug":"armada","status":"publish","type":"product","link":"https:\/\/www.promotio.sk\/sk\/shop\/promo-clothing\/workwear\/industry_services\/armada\/","title":{"rendered":"ARMADA"},"content":{"rendered":"<p>Viacvreckov\u00e1 pracovn\u00e1 vesta v dvojfarebnej kombin\u00e1cii s vysok\u00fdm golierom.<br \/>\n\u00b7 Predn\u00fd zips so such\u00fdm zipsom.<br \/>\n\u00b7 Vetrovky v man\u017eet\u00e1ch.<br \/>\n\u00b7 Prav\u00e9 bo\u010dn\u00e9 vonkaj\u0161ie vrecko na mobil s chlop\u0148ou a such\u00fdm zipsom.<br \/>\n\u00b7 Dve plisovan\u00e9 predn\u00e9 vreck\u00e1 s chlop\u0148ou a such\u00fdm zipsom.<br \/>\n\u00b7 Dve vreck\u00e1 na per\u00e1.<br \/>\n\u00b7 Vn\u00fatorn\u00e9 vrecko so such\u00fdm zipsom.<br \/>\n\u00b7 Vrecko na zips.<br \/>\n\u00b7 Sklopen\u00fd chvost.<br \/>\n\u00b7 Automatick\u00fd nastavova\u010d.<br \/>\n\u00b7 Kontrastn\u00e9 ramenn\u00e9 diely a detaily.<\/p>\n<p>Zlo\u017eenie: 80% polyester \/ 20% bavlna, kepr, 370 gsm.<br \/>Pozn\u00e1mky: * Odn\u00edmate\u013en\u00fd \u0161t\u00edtok.<br \/><img decoding=\"async\" src=\"https:\/\/static.gorfactory.es\/pics\/measures\/CQ_HOMU.jpg\"><\/p>","protected":false},"excerpt":{"rendered":"<p>Multipocket work vest in two-colour combination, with high collar. \u00b7 Front zip with velcro. \u00b7 Windbreakers in cuffs. \u00b7 Right<\/p>","protected":false},"featured_media":31410,"comment_status":"open","ping_status":"closed","template":"","meta":[],"product_cat":[566,563],"product_tag":[],"class_list":{"0":"post-31409","1":"product","2":"type-product","3":"status-publish","4":"has-post-thumbnail","6":"product_cat-industry_services","7":"product_cat-workwear","9":"first","10":"instock","11":"shipping-taxable","12":"purchasable","13":"product-type-variable"},"_links":{"self":[{"href":"https:\/\/www.promotio.sk\/sk\/wp-json\/wp\/v2\/product\/31409","targetHints":{"allow":["GET"]}}],"collection":[{"href":"https:\/\/www.promotio.sk\/sk\/wp-json\/wp\/v2\/product"}],"about":[{"href":"https:\/\/www.promotio.sk\/sk\/wp-json\/wp\/v2\/types\/product"}],"replies":[{"embeddable":true,"href":"https:\/\/www.promotio.sk\/sk\/wp-json\/wp\/v2\/comments?post=31409"}],"wp:featuredmedia":[{"embeddable":true,"href":"https:\/\/www.promotio.sk\/sk\/wp-json\/wp\/v2\/media\/31410"}],"wp:attachment":[{"href":"https:\/\/www.promotio.sk\/sk\/wp-json\/wp\/v2\/media?parent=31409"}],"wp:term":[{"taxonomy":"product_cat","embeddable":true,"href":"https:\/\/www.promotio.sk\/sk\/wp-json\/wp\/v2\/product_cat?post=31409"},{"taxonomy":"product_tag","embeddable":true,"href":"https:\/\/www.promotio.sk\/sk\/wp-json\/wp\/v2\/product_tag?post=31409"}],"curies":[{"name":"wp","href":"https:\/\/api.w.org\/{rel}","templated":true}]}}