{"id":31379,"date":"2024-03-12T12:59:22","date_gmt":"2024-03-12T11:59:22","guid":{"rendered":"https:\/\/www.promotio.sk\/shop\/nezaraden\u00e9\/terrano\/"},"modified":"2024-03-12T13:01:59","modified_gmt":"2024-03-12T12:01:59","slug":"terrano","status":"publish","type":"product","link":"https:\/\/www.promotio.sk\/sk\/shop\/promo-clothing\/workwear\/industry_services\/terrano\/","title":{"rendered":"TERRANO"},"content":{"rendered":"<p>Mikrofleecov\u00e1 bunda v preveden\u00ed farebnej kombin\u00e1cie.<br \/>\n\u00b7 Vysok\u00fd golier a kontrastn\u00fd vstrekovan\u00fd zips.<br \/>\n\u00b7 Kontrastn\u00e9 ramen\u00e1 a detaily.<br \/>\n\u00b7 Bo\u010dn\u00e9 vreck\u00e1 so zipsom.<br \/>\n\u00b7 Elastick\u00e9 man\u017eety a bo\u010dn\u00e9 nastavovacie prvky na leme.<br \/>Zlo\u017eenie: 100% microfleece polyester, 220 gsm.<br \/><img decoding=\"async\" src=\"https:\/\/static.gorfactory.es\/pics\/measures\/CQ_HOMU.jpg\"><\/p>","protected":false},"excerpt":{"rendered":"<p>Microfleece jacket in a colour combination design. \u00b7 High collar and contrasting injected zip. \u00b7 Contrasting shoulders and details. \u00b7<\/p>","protected":false},"featured_media":31380,"comment_status":"open","ping_status":"closed","template":"","meta":[],"product_cat":[566,563],"product_tag":[],"class_list":{"0":"post-31379","1":"product","2":"type-product","3":"status-publish","4":"has-post-thumbnail","6":"product_cat-industry_services","7":"product_cat-workwear","9":"first","10":"instock","11":"shipping-taxable","12":"purchasable","13":"product-type-variable"},"_links":{"self":[{"href":"https:\/\/www.promotio.sk\/sk\/wp-json\/wp\/v2\/product\/31379","targetHints":{"allow":["GET"]}}],"collection":[{"href":"https:\/\/www.promotio.sk\/sk\/wp-json\/wp\/v2\/product"}],"about":[{"href":"https:\/\/www.promotio.sk\/sk\/wp-json\/wp\/v2\/types\/product"}],"replies":[{"embeddable":true,"href":"https:\/\/www.promotio.sk\/sk\/wp-json\/wp\/v2\/comments?post=31379"}],"wp:featuredmedia":[{"embeddable":true,"href":"https:\/\/www.promotio.sk\/sk\/wp-json\/wp\/v2\/media\/31380"}],"wp:attachment":[{"href":"https:\/\/www.promotio.sk\/sk\/wp-json\/wp\/v2\/media?parent=31379"}],"wp:term":[{"taxonomy":"product_cat","embeddable":true,"href":"https:\/\/www.promotio.sk\/sk\/wp-json\/wp\/v2\/product_cat?post=31379"},{"taxonomy":"product_tag","embeddable":true,"href":"https:\/\/www.promotio.sk\/sk\/wp-json\/wp\/v2\/product_tag?post=31379"}],"curies":[{"name":"wp","href":"https:\/\/api.w.org\/{rel}","templated":true}]}}