{"id":31354,"date":"2024-03-12T12:57:20","date_gmt":"2024-03-12T11:57:20","guid":{"rendered":"https:\/\/www.promotio.sk\/shop\/nezaraden\u00e9\/dabiz\/"},"modified":"2024-03-12T12:59:20","modified_gmt":"2024-03-12T11:59:20","slug":"dabiz","status":"publish","type":"product","link":"https:\/\/www.promotio.sk\/sk\/shop\/promo-clothing\/workwear\/horeca\/dabiz\/","title":{"rendered":"DABIZ"},"content":{"rendered":"<p>Kuch\u00e1rska bunda s dlh\u00fdm ruk\u00e1vom.<br \/>\n\u00b7 Prekr\u00ed\u017een\u00e9 predn\u00e9 zap\u00ednanie na skryt\u00e9 patentn\u00e9 gomb\u00edky.<br \/>\n\u00b7 Mandar\u00ednkov\u00fd golier a prisp\u00f4soben\u00e9 ruk\u00e1vy s vyhrnut\u00fdmi man\u017eetami.<br \/>\n\u00b7 Chrb\u00e1t z priedu\u0161nej l\u00e1tky.<br \/>\n\u00b7 Na\u0161it\u00e9 vrecko na \u013eavom ruk\u00e1ve.<br \/>Zlo\u017eenie: Predn\u00e1 l\u00e1tka: 100% mikrovl\u00e1kno polyester, 150 gsm.<br \/>\nZadn\u00e1 tkanina: 100% polyester vt\u00e1\u010die oko, 135 g\/m2.<br \/>Pozn\u00e1mky: * Odn\u00edmate\u013en\u00fd \u0161t\u00edtok.<br \/><img decoding=\"async\" src=\"https:\/\/static.gorfactory.es\/pics\/measures\/CQ_HOMU.jpg\"><\/p>","protected":false},"excerpt":{"rendered":"<p>Long-sleeve chef jacket. \u00b7 Crossed front fastening with concealed press studs. \u00b7 Mandarin collar and tailored sleeves with turn-ups on<\/p>","protected":false},"featured_media":31355,"comment_status":"open","ping_status":"closed","template":"","meta":[],"product_cat":[564,563],"product_tag":[],"class_list":{"0":"post-31354","1":"product","2":"type-product","3":"status-publish","4":"has-post-thumbnail","6":"product_cat-horeca","7":"product_cat-workwear","9":"first","10":"instock","11":"shipping-taxable","12":"purchasable","13":"product-type-variable"},"_links":{"self":[{"href":"https:\/\/www.promotio.sk\/sk\/wp-json\/wp\/v2\/product\/31354","targetHints":{"allow":["GET"]}}],"collection":[{"href":"https:\/\/www.promotio.sk\/sk\/wp-json\/wp\/v2\/product"}],"about":[{"href":"https:\/\/www.promotio.sk\/sk\/wp-json\/wp\/v2\/types\/product"}],"replies":[{"embeddable":true,"href":"https:\/\/www.promotio.sk\/sk\/wp-json\/wp\/v2\/comments?post=31354"}],"wp:featuredmedia":[{"embeddable":true,"href":"https:\/\/www.promotio.sk\/sk\/wp-json\/wp\/v2\/media\/31355"}],"wp:attachment":[{"href":"https:\/\/www.promotio.sk\/sk\/wp-json\/wp\/v2\/media?parent=31354"}],"wp:term":[{"taxonomy":"product_cat","embeddable":true,"href":"https:\/\/www.promotio.sk\/sk\/wp-json\/wp\/v2\/product_cat?post=31354"},{"taxonomy":"product_tag","embeddable":true,"href":"https:\/\/www.promotio.sk\/sk\/wp-json\/wp\/v2\/product_tag?post=31354"}],"curies":[{"name":"wp","href":"https:\/\/api.w.org\/{rel}","templated":true}]}}