{"id":31288,"date":"2024-03-12T12:51:21","date_gmt":"2024-03-12T11:51:21","guid":{"rendered":"https:\/\/www.promotio.sk\/shop\/nezaraden\u00e9\/moscu-woman\/"},"modified":"2024-03-12T12:53:18","modified_gmt":"2024-03-12T11:53:18","slug":"moscu-woman","status":"publish","type":"product","link":"https:\/\/www.promotio.sk\/sk\/shop\/promo-clothing\/workwear\/horeca\/moscu-woman\/","title":{"rendered":"MOSKVA \u017dENA"},"content":{"rendered":"<p>D\u00e1mska ko\u0161e\u013ea s dlh\u00fdm ruk\u00e1vom zo stre\u010dovej l\u00e1tky.<br \/>\n\u00b7 Pod\u0161it\u00fd golier.<br \/>\n\u00b7 Predn\u00e9 z\u00e1hyby na hrudi a na chrbte.<br \/>\n\u00b7 Predn\u00e1 l\u00e9ga s vidite\u013en\u00fdmi gomb\u00edkmi.<br \/>\n\u00b7 Dva gomb\u00edky na man\u017eet\u00e1ch.<br \/>\n\u00b7 Zadn\u00e9 jarmo.<br \/>\n\u00b7 Okr\u00fahly lem.<\/p>\n<p>Zlo\u017eenie: bavlna 97% popel\u00edn \/ spandex 3%, 140 gsm.<br \/><img decoding=\"async\" src=\"https:\/\/static.gorfactory.es\/pics\/measures\/CM_ML_MU.jpg\"><\/p>","protected":false},"excerpt":{"rendered":"<p>Long-sleeve shirt for women in stretch fabric. \u00b7 Interlined collar. \u00b7 Front chest and back pleats. \u00b7 Front placket with<\/p>","protected":false},"featured_media":31289,"comment_status":"open","ping_status":"closed","template":"","meta":[],"product_cat":[564,563],"product_tag":[],"class_list":{"0":"post-31288","1":"product","2":"type-product","3":"status-publish","4":"has-post-thumbnail","6":"product_cat-horeca","7":"product_cat-workwear","9":"first","10":"instock","11":"shipping-taxable","12":"purchasable","13":"product-type-variable"},"_links":{"self":[{"href":"https:\/\/www.promotio.sk\/sk\/wp-json\/wp\/v2\/product\/31288","targetHints":{"allow":["GET"]}}],"collection":[{"href":"https:\/\/www.promotio.sk\/sk\/wp-json\/wp\/v2\/product"}],"about":[{"href":"https:\/\/www.promotio.sk\/sk\/wp-json\/wp\/v2\/types\/product"}],"replies":[{"embeddable":true,"href":"https:\/\/www.promotio.sk\/sk\/wp-json\/wp\/v2\/comments?post=31288"}],"wp:featuredmedia":[{"embeddable":true,"href":"https:\/\/www.promotio.sk\/sk\/wp-json\/wp\/v2\/media\/31289"}],"wp:attachment":[{"href":"https:\/\/www.promotio.sk\/sk\/wp-json\/wp\/v2\/media?parent=31288"}],"wp:term":[{"taxonomy":"product_cat","embeddable":true,"href":"https:\/\/www.promotio.sk\/sk\/wp-json\/wp\/v2\/product_cat?post=31288"},{"taxonomy":"product_tag","embeddable":true,"href":"https:\/\/www.promotio.sk\/sk\/wp-json\/wp\/v2\/product_tag?post=31288"}],"curies":[{"name":"wp","href":"https:\/\/api.w.org\/{rel}","templated":true}]}}