{"id":31247,"date":"2024-03-12T12:47:57","date_gmt":"2024-03-12T11:47:57","guid":{"rendered":"https:\/\/www.promotio.sk\/shop\/nezaraden\u00e9\/aifos-l-s\/"},"modified":"2024-03-12T12:51:18","modified_gmt":"2024-03-12T11:51:18","slug":"aifos-l-s","status":"publish","type":"product","link":"https:\/\/www.promotio.sk\/sk\/shop\/promo-clothing\/workwear\/horeca\/aifos-l-s\/","title":{"rendered":"AIFOS L\/S"},"content":{"rendered":"<p>P\u00e1nska ko\u0161e\u013ea s dlh\u00fdm ruk\u00e1vom.<br \/>\n\u00b7 Klasick\u00fd \u0161kroben\u00fd golier s 1 gomb\u00edkom a \u013eav\u00fdm predn\u00fdm vreckom.<br \/>\n\u00b7 Zodpovedaj\u00faca l\u00e9ga so 7 gomb\u00edkmi.<br \/>\n\u00b7 Zakriven\u00fd lem.<br \/>\n\u00b7 Jednoduch\u00e1 starostlivos\u0165.<br \/>Zlo\u017eenie: 65% polyester \/ 35% popel\u00edn bavlna, 130 gsm.<br \/>Pozn\u00e1mky: *K dispoz\u00edcii je d\u00e1msky model.<br \/><img decoding=\"async\" src=\"https:\/\/static.gorfactory.es\/pics\/measures\/CM_ML_HO.jpg\"><\/p>","protected":false},"excerpt":{"rendered":"<p>Long-sleeve shirt for men. \u00b7 Classic starched collar with 1 button and left front pocket. \u00b7 Matching 7-button placket. \u00b7<\/p>","protected":false},"featured_media":31248,"comment_status":"open","ping_status":"closed","template":"","meta":[],"product_cat":[564,563],"product_tag":[],"class_list":{"0":"post-31247","1":"product","2":"type-product","3":"status-publish","4":"has-post-thumbnail","6":"product_cat-horeca","7":"product_cat-workwear","9":"first","10":"instock","11":"shipping-taxable","12":"purchasable","13":"product-type-variable"},"_links":{"self":[{"href":"https:\/\/www.promotio.sk\/sk\/wp-json\/wp\/v2\/product\/31247","targetHints":{"allow":["GET"]}}],"collection":[{"href":"https:\/\/www.promotio.sk\/sk\/wp-json\/wp\/v2\/product"}],"about":[{"href":"https:\/\/www.promotio.sk\/sk\/wp-json\/wp\/v2\/types\/product"}],"replies":[{"embeddable":true,"href":"https:\/\/www.promotio.sk\/sk\/wp-json\/wp\/v2\/comments?post=31247"}],"wp:featuredmedia":[{"embeddable":true,"href":"https:\/\/www.promotio.sk\/sk\/wp-json\/wp\/v2\/media\/31248"}],"wp:attachment":[{"href":"https:\/\/www.promotio.sk\/sk\/wp-json\/wp\/v2\/media?parent=31247"}],"wp:term":[{"taxonomy":"product_cat","embeddable":true,"href":"https:\/\/www.promotio.sk\/sk\/wp-json\/wp\/v2\/product_cat?post=31247"},{"taxonomy":"product_tag","embeddable":true,"href":"https:\/\/www.promotio.sk\/sk\/wp-json\/wp\/v2\/product_tag?post=31247"}],"curies":[{"name":"wp","href":"https:\/\/api.w.org\/{rel}","templated":true}]}}