{"id":31181,"date":"2024-03-12T12:42:28","date_gmt":"2024-03-12T11:42:28","guid":{"rendered":"https:\/\/www.promotio.sk\/shop\/nezaraden\u00e9\/sofia-l-s\/"},"modified":"2024-03-12T12:44:23","modified_gmt":"2024-03-12T11:44:23","slug":"sofia-l-s","status":"publish","type":"product","link":"https:\/\/www.promotio.sk\/sk\/shop\/promo-clothing\/workwear\/horeca\/sofia-l-s\/","title":{"rendered":"SOFIA L\/S"},"content":{"rendered":"<p>D\u00e1mska ko\u0161e\u013ea s dlh\u00fdm ruk\u00e1vom.<br \/>\n\u00b7 Priliehav\u00fd strih s predn\u00fdmi a zadn\u00fdmi \u0161\u00edpkami,<br \/>\n\u00b7 \u013dav\u00e9 predn\u00e9 vrecko a skryt\u00e1 gomb\u00edkov\u00e1 l\u00e9ga.<br \/>\n\u00b7 2 gomb\u00edky na man\u017eet\u00e1ch.<br \/>\n\u00b7 Zakriven\u00fd lem.<br \/>\n\u00b7 Jednoduch\u00e1 starostlivos\u0165.<br \/>Zlo\u017eenie: 65% polyester \/ 35% bavlna, popel\u00edn, 130 gsm.<br \/>Pozn\u00e1mky: *Dostupn\u00fd p\u00e1nsky model.<br \/><img decoding=\"async\" src=\"https:\/\/static.gorfactory.es\/pics\/measures\/CM_ML_MU.jpg\"><\/p>","protected":false},"excerpt":{"rendered":"<p>Long-sleeve shirt for women. \u00b7 Slim-fit cut with front and back darts, \u00b7 Left front pocket and concealed button placket.<\/p>","protected":false},"featured_media":31182,"comment_status":"open","ping_status":"closed","template":"","meta":[],"product_cat":[564,563],"product_tag":[],"class_list":{"0":"post-31181","1":"product","2":"type-product","3":"status-publish","4":"has-post-thumbnail","6":"product_cat-horeca","7":"product_cat-workwear","9":"first","10":"instock","11":"shipping-taxable","12":"purchasable","13":"product-type-variable"},"_links":{"self":[{"href":"https:\/\/www.promotio.sk\/sk\/wp-json\/wp\/v2\/product\/31181","targetHints":{"allow":["GET"]}}],"collection":[{"href":"https:\/\/www.promotio.sk\/sk\/wp-json\/wp\/v2\/product"}],"about":[{"href":"https:\/\/www.promotio.sk\/sk\/wp-json\/wp\/v2\/types\/product"}],"replies":[{"embeddable":true,"href":"https:\/\/www.promotio.sk\/sk\/wp-json\/wp\/v2\/comments?post=31181"}],"wp:featuredmedia":[{"embeddable":true,"href":"https:\/\/www.promotio.sk\/sk\/wp-json\/wp\/v2\/media\/31182"}],"wp:attachment":[{"href":"https:\/\/www.promotio.sk\/sk\/wp-json\/wp\/v2\/media?parent=31181"}],"wp:term":[{"taxonomy":"product_cat","embeddable":true,"href":"https:\/\/www.promotio.sk\/sk\/wp-json\/wp\/v2\/product_cat?post=31181"},{"taxonomy":"product_tag","embeddable":true,"href":"https:\/\/www.promotio.sk\/sk\/wp-json\/wp\/v2\/product_tag?post=31181"}],"curies":[{"name":"wp","href":"https:\/\/api.w.org\/{rel}","templated":true}]}}