{"id":31156,"date":"2024-03-12T12:40:22","date_gmt":"2024-03-12T11:40:22","guid":{"rendered":"https:\/\/www.promotio.sk\/shop\/nezaraden\u00e9\/oxford-woman\/"},"modified":"2024-03-12T12:42:26","modified_gmt":"2024-03-12T11:42:26","slug":"oxford-woman","status":"publish","type":"product","link":"https:\/\/www.promotio.sk\/sk\/shop\/promo-clothing\/workwear\/horeca\/oxford-woman\/","title":{"rendered":"OXFORDOV\u00c1 \u017dENA"},"content":{"rendered":"<p>Priliehav\u00e1 ko\u0161e\u013ea s dlh\u00fdm ruk\u00e1vom so \u0161\u00edpkami vpredu aj vzadu.<br \/>\n\u00b7 Predn\u00e9 \u013eav\u00e9 n\u00e1prsn\u00e9 vrecko.<br \/>\n\u00b7 Jarmo na chrbte.<br \/>\n\u00b7 \u0160\u00edpky a dva gomb\u00edky na man\u017eet\u00e1ch.<br \/>\n\u00b7 Zakriven\u00fd lem.<br \/>Zlo\u017eenie: bavlna 70% \/ 30% polyester, tkanina Oxford, 140 gsm.<br \/>Pozn\u00e1mky: *Koncept Duo.<br \/>\n<br \/><img decoding=\"async\" src=\"https:\/\/static.gorfactory.es\/pics\/measures\/CM_ML_MU.jpg\"><\/p>","protected":false},"excerpt":{"rendered":"<p>Fitted long-sleeve shirt with darts on the front and back. \u00b7 Front left chest pocket. \u00b7 Yoke on the back.<\/p>","protected":false},"featured_media":31157,"comment_status":"open","ping_status":"closed","template":"","meta":[],"product_cat":[564,563],"product_tag":[],"class_list":{"0":"post-31156","1":"product","2":"type-product","3":"status-publish","4":"has-post-thumbnail","6":"product_cat-horeca","7":"product_cat-workwear","9":"first","10":"instock","11":"shipping-taxable","12":"purchasable","13":"product-type-variable"},"_links":{"self":[{"href":"https:\/\/www.promotio.sk\/sk\/wp-json\/wp\/v2\/product\/31156","targetHints":{"allow":["GET"]}}],"collection":[{"href":"https:\/\/www.promotio.sk\/sk\/wp-json\/wp\/v2\/product"}],"about":[{"href":"https:\/\/www.promotio.sk\/sk\/wp-json\/wp\/v2\/types\/product"}],"replies":[{"embeddable":true,"href":"https:\/\/www.promotio.sk\/sk\/wp-json\/wp\/v2\/comments?post=31156"}],"wp:featuredmedia":[{"embeddable":true,"href":"https:\/\/www.promotio.sk\/sk\/wp-json\/wp\/v2\/media\/31157"}],"wp:attachment":[{"href":"https:\/\/www.promotio.sk\/sk\/wp-json\/wp\/v2\/media?parent=31156"}],"wp:term":[{"taxonomy":"product_cat","embeddable":true,"href":"https:\/\/www.promotio.sk\/sk\/wp-json\/wp\/v2\/product_cat?post=31156"},{"taxonomy":"product_tag","embeddable":true,"href":"https:\/\/www.promotio.sk\/sk\/wp-json\/wp\/v2\/product_tag?post=31156"}],"curies":[{"name":"wp","href":"https:\/\/api.w.org\/{rel}","templated":true}]}}